{"id":2311,"date":"2016-10-25T14:54:32","date_gmt":"2016-10-25T13:54:32","guid":{"rendered":"http:\/\/www.josetorresguitarras.com\/?page_id=2311"},"modified":"2016-10-25T15:53:13","modified_gmt":"2016-10-25T14:53:13","slug":"lecciones-de-guitarra-4","status":"publish","type":"page","link":"https:\/\/www.josetorresguitarras.com\/pt-pt\/lecciones-de-guitarra-4\/","title":{"rendered":"Lecciones de guitarra"},"content":{"rendered":"<p>[et_pb_section admin_label=&#8221;Secci\u00f3n&#8221; fullwidth=&#8221;on&#8221; specialty=&#8221;off&#8221;][et_pb_fullwidth_image admin_label=&#8221;Imagen de anchura completa&#8221; src=&#8221;http:\/\/www.josetorresguitarras.com\/wp-content\/uploads\/2016\/10\/jose-torres-lecciones1.jpg&#8221; show_in_lightbox=&#8221;off&#8221; url_new_window=&#8221;off&#8221; animation=&#8221;left&#8221; use_border_color=&#8221;off&#8221; border_color=&#8221;#ffffff&#8221; border_style=&#8221;solid&#8221;] [\/et_pb_fullwidth_image][\/et_pb_section][et_pb_section admin_label=&#8221;Secci\u00f3n&#8221; fullwidth=&#8221;on&#8221; specialty=&#8221;off&#8221;][et_pb_fullwidth_header admin_label=&#8221;T\u00edtulo de anchura completa&#8221; background_layout=&#8221;light&#8221; text_orientation=&#8221;justified&#8221; header_fullscreen=&#8221;off&#8221; header_scroll_down=&#8221;off&#8221; parallax=&#8221;off&#8221; parallax_method=&#8221;off&#8221; content_orientation=&#8221;center&#8221; image_orientation=&#8221;center&#8221; custom_button_one=&#8221;off&#8221; button_one_letter_spacing=&#8221;0&#8243; button_one_use_icon=&#8221;default&#8221; button_one_icon_placement=&#8221;right&#8221; button_one_on_hover=&#8221;on&#8221; button_one_letter_spacing_hover=&#8221;0&#8243; custom_button_two=&#8221;off&#8221; button_two_letter_spacing=&#8221;0&#8243; button_two_use_icon=&#8221;default&#8221; button_two_icon_placement=&#8221;right&#8221; button_two_on_hover=&#8221;on&#8221; button_two_letter_spacing_hover=&#8221;0&#8243; title=&#8221;<\/p>\n<h1>Os segredos de flamenco<\/h1>\n<p>&#8220;] [\/et_pb_fullwidth_header][\/et_pb_section][et_pb_section admin_label=&#8221;Secci\u00f3n&#8221; fullwidth=&#8221;off&#8221; specialty=&#8221;off&#8221;][et_pb_row admin_label=&#8221;Fila&#8221;][et_pb_column type=&#8221;1_3&#8243;][\/et_pb_column][et_pb_column type=&#8221;1_3&#8243;][et_pb_image admin_label=&#8221;Imagen&#8221; src=&#8221;http:\/\/www.josetorresguitarras.com\/wp-content\/uploads\/2015\/09\/separador-secciones-pq.png&#8221; show_in_lightbox=&#8221;off&#8221; url_new_window=&#8221;off&#8221; animation=&#8221;off&#8221; sticky=&#8221;off&#8221; align=&#8221;center&#8221; force_fullwidth=&#8221;off&#8221; always_center_on_mobile=&#8221;on&#8221; use_border_color=&#8221;off&#8221; border_color=&#8221;#ffffff&#8221; border_style=&#8221;solid&#8221;] [\/et_pb_image][\/et_pb_column][et_pb_column type=&#8221;1_3&#8243;][\/et_pb_column][\/et_pb_row][\/et_pb_section][et_pb_section admin_label=&#8221;Secci\u00f3n&#8221; fullwidth=&#8221;on&#8221; specialty=&#8221;off&#8221;][et_pb_fullwidth_header admin_label=&#8221;T\u00edtulo de anchura completa&#8221; background_layout=&#8221;light&#8221; text_orientation=&#8221;justified&#8221; header_fullscreen=&#8221;off&#8221; header_scroll_down=&#8221;off&#8221; parallax=&#8221;off&#8221; parallax_method=&#8221;off&#8221; content_orientation=&#8221;center&#8221; image_orientation=&#8221;center&#8221; custom_button_one=&#8221;off&#8221; button_one_letter_spacing=&#8221;0&#8243; button_one_use_icon=&#8221;default&#8221; button_one_icon_placement=&#8221;right&#8221; button_one_on_hover=&#8221;on&#8221; button_one_letter_spacing_hover=&#8221;0&#8243; custom_button_two=&#8221;off&#8221; button_two_letter_spacing=&#8221;0&#8243; button_two_use_icon=&#8221;default&#8221; button_two_icon_placement=&#8221;right&#8221; button_two_on_hover=&#8221;on&#8221; button_two_letter_spacing_hover=&#8221;0&#8243;]<\/p>\n<p style=\"text-align: left;\"><span id=\"result_box\" lang=\"pt\"><span tabindex=\"-1\" contenteditable=\"false\">Guitarras<\/span> Jos\u00e9 Torres apresenta uma nova cole\u00e7\u00e3o de li\u00e7\u00f5es sobre a arte da guitarra flamenca. &#8220;Os segredos de flamenco por Adam Perez&#8221; <strong>Li\u00e7\u00f5es a cada 15 dias, onde as diferentes t\u00e9cnicas utilizadas neste estilo musical espetacular \u00e9 explorado. Fandangos, Bulerias, tangos, rumbas, f\u00e3, picadas, arpejos e muito mais.<\/strong><\/span><\/p>\n<div id=\"gt-c\" class=\"g-section\">\n<div id=\"gt-form-c\">\n<form id=\"gt-form\" action=\"\/\" enctype=\"application\/x-www-form-urlencoded\" method=\"post\" name=\"text_form\">\n<div id=\"gt-text-all\"><\/div>\n<\/form>\n<\/div>\n<\/div>\n<p>[\/et_pb_fullwidth_header][\/et_pb_section][et_pb_section admin_label=&#8221;section&#8221;][et_pb_row admin_label=&#8221;Fila&#8221;][et_pb_column type=&#8221;1_2&#8243;][et_pb_divider admin_label=&#8221;Separador&#8221; color=&#8221;#ffffff&#8221; show_divider=&#8221;off&#8221; divider_style=&#8221;solid&#8221; divider_position=&#8221;top&#8221; hide_on_mobile=&#8221;on&#8221;] [\/et_pb_divider][et_pb_blurb admin_label=&#8221;Anuncio&#8221; url_new_window=&#8221;off&#8221; use_icon=&#8221;off&#8221; icon_color=&#8221;#84210d&#8221; use_circle=&#8221;off&#8221; circle_color=&#8221;#84210d&#8221; use_circle_border=&#8221;off&#8221; circle_border_color=&#8221;#84210d&#8221; icon_placement=&#8221;top&#8221; animation=&#8221;top&#8221; background_layout=&#8221;light&#8221; text_orientation=&#8221;left&#8221; use_icon_font_size=&#8221;off&#8221; use_border_color=&#8221;off&#8221; border_color=&#8221;#ffffff&#8221; border_style=&#8221;solid&#8221;]<\/p>\n<h4><strong>APRESENTA\u00c7\u00c3O DO CURSO<\/strong><\/h4>\n<p>[\/et_pb_blurb][et_pb_code admin_label=&#8221;C\u00f3digo&#8221;]&lt;iframe width=&#8221;854&#8243; height=&#8221;480&#8243; src=&#8221;https:\/\/www.youtube.com\/embed\/w0K1dn2grwI&#8221; frameborder=&#8221;0&#8243; allowfullscreen&gt;&lt;\/iframe&gt;[\/et_pb_code][et_pb_blurb admin_label=&#8221;Anuncio&#8221; url_new_window=&#8221;off&#8221; use_icon=&#8221;off&#8221; icon_color=&#8221;#84210d&#8221; use_circle=&#8221;off&#8221; circle_color=&#8221;#84210d&#8221; use_circle_border=&#8221;off&#8221; circle_border_color=&#8221;#84210d&#8221; icon_placement=&#8221;top&#8221; animation=&#8221;top&#8221; background_layout=&#8221;light&#8221; text_orientation=&#8221;left&#8221; use_icon_font_size=&#8221;off&#8221; use_border_color=&#8221;off&#8221; border_color=&#8221;#ffffff&#8221; border_style=&#8221;solid&#8221;]<\/p>\n<p>Professor Adam Perez apresenta o tema do curso &#8220;Os segredos de flamenco&#8221;<\/p>\n<p>[\/et_pb_blurb][\/et_pb_column][et_pb_column type=&#8221;1_2&#8243;][et_pb_divider admin_label=&#8221;Separador&#8221; color=&#8221;#ffffff&#8221; show_divider=&#8221;off&#8221; divider_style=&#8221;solid&#8221; divider_position=&#8221;top&#8221; hide_on_mobile=&#8221;on&#8221;] [\/et_pb_divider][et_pb_blurb admin_label=&#8221;Anuncio&#8221; url_new_window=&#8221;off&#8221; use_icon=&#8221;off&#8221; icon_color=&#8221;#84210d&#8221; use_circle=&#8221;off&#8221; circle_color=&#8221;#84210d&#8221; use_circle_border=&#8221;off&#8221; circle_border_color=&#8221;#84210d&#8221; icon_placement=&#8221;top&#8221; animation=&#8221;top&#8221; background_layout=&#8221;light&#8221; text_orientation=&#8221;left&#8221; use_icon_font_size=&#8221;off&#8221; use_border_color=&#8221;off&#8221; border_color=&#8221;#ffffff&#8221; border_style=&#8221;solid&#8221;]<\/p>\n<h4><strong>LI\u00c7\u00c3O 1<\/strong><\/h4>\n<p>[\/et_pb_blurb][et_pb_code admin_label=&#8221;C\u00f3digo&#8221;]&lt;iframe width=&#8221;854&#8243; height=&#8221;480&#8243; src=&#8221;https:\/\/www.youtube.com\/embed\/W3mM6cEOHsk&#8221; frameborder=&#8221;0&#8243; allowfullscreen&gt;&lt;\/iframe&gt;[\/et_pb_code][et_pb_blurb admin_label=&#8221;Anuncio&#8221; url_new_window=&#8221;off&#8221; use_icon=&#8221;off&#8221; icon_color=&#8221;#84210d&#8221; use_circle=&#8221;off&#8221; circle_color=&#8221;#84210d&#8221; use_circle_border=&#8221;off&#8221; circle_border_color=&#8221;#84210d&#8221; icon_placement=&#8221;top&#8221; animation=&#8221;top&#8221; background_layout=&#8221;light&#8221; text_orientation=&#8221;left&#8221; use_icon_font_size=&#8221;off&#8221; use_border_color=&#8221;off&#8221; border_color=&#8221;#ffffff&#8221; border_style=&#8221;solid&#8221;]<\/p>\n<p>&#8220;Secretos del Flamenco&#8221; &#8211; N\u00edvel Fandango 1 dada pelo Mestre Adam Perez em nos mostrar <span tabindex=\"-1\">como fazer<\/span> o ritmo b\u00e1sico da Li\u00e7\u00e3o fandango.<\/p>\n<p>[\/et_pb_blurb][\/et_pb_column][\/et_pb_row][\/et_pb_section]<\/p>\n","protected":false},"excerpt":{"rendered":"<p>Guitarras Jos\u00e9 Torres apresenta uma nova cole\u00e7\u00e3o de li\u00e7\u00f5es sobre a arte da guitarra flamenca. &#8220;Os segredos de flamenco por Adam Perez&#8221; Li\u00e7\u00f5es a cada 15 dias, onde as diferentes t\u00e9cnicas utilizadas neste estilo musical espetacular \u00e9 explorado. Fandangos, Bulerias, tangos, rumbas, f\u00e3, picadas, arpejos e muito mais. APRESENTA\u00c7\u00c3O DO CURSO Professor Adam Perez apresenta [&hellip;]<\/p>\n","protected":false},"author":3,"featured_media":0,"parent":0,"menu_order":171,"comment_status":"closed","ping_status":"closed","template":"","meta":{"_et_pb_use_builder":"on","_et_pb_old_content":"","_et_gb_content_width":"","footnotes":""},"categories":[],"tags":[],"class_list":["post-2311","page","type-page","status-publish","hentry"],"aioseo_notices":[],"_links":{"self":[{"href":"https:\/\/www.josetorresguitarras.com\/pt-pt\/wp-json\/wp\/v2\/pages\/2311","targetHints":{"allow":["GET"]}}],"collection":[{"href":"https:\/\/www.josetorresguitarras.com\/pt-pt\/wp-json\/wp\/v2\/pages"}],"about":[{"href":"https:\/\/www.josetorresguitarras.com\/pt-pt\/wp-json\/wp\/v2\/types\/page"}],"author":[{"embeddable":true,"href":"https:\/\/www.josetorresguitarras.com\/pt-pt\/wp-json\/wp\/v2\/users\/3"}],"replies":[{"embeddable":true,"href":"https:\/\/www.josetorresguitarras.com\/pt-pt\/wp-json\/wp\/v2\/comments?post=2311"}],"version-history":[{"count":3,"href":"https:\/\/www.josetorresguitarras.com\/pt-pt\/wp-json\/wp\/v2\/pages\/2311\/revisions"}],"predecessor-version":[{"id":2327,"href":"https:\/\/www.josetorresguitarras.com\/pt-pt\/wp-json\/wp\/v2\/pages\/2311\/revisions\/2327"}],"wp:attachment":[{"href":"https:\/\/www.josetorresguitarras.com\/pt-pt\/wp-json\/wp\/v2\/media?parent=2311"}],"wp:term":[{"taxonomy":"category","embeddable":true,"href":"https:\/\/www.josetorresguitarras.com\/pt-pt\/wp-json\/wp\/v2\/categories?post=2311"},{"taxonomy":"post_tag","embeddable":true,"href":"https:\/\/www.josetorresguitarras.com\/pt-pt\/wp-json\/wp\/v2\/tags?post=2311"}],"curies":[{"name":"wp","href":"https:\/\/api.w.org\/{rel}","templated":true}]}}