{"id":1703,"date":"2015-08-18T18:33:00","date_gmt":"2015-08-18T17:33:00","guid":{"rendered":"http:\/\/www.josetorresguitarras.com\/?page_id=1703"},"modified":"2024-07-12T12:30:13","modified_gmt":"2024-07-12T11:30:13","slug":"jtc-100","status":"publish","type":"page","link":"https:\/\/www.josetorresguitarras.com\/pt-pt\/guitarras-classicas\/jtc-100\/","title":{"rendered":"JTC-100"},"content":{"rendered":"<p>[et_pb_section fb_built=&#8221;1&#8243; fullwidth=&#8221;on&#8221; custom_padding_last_edited=&#8221;on|desktop&#8221; admin_label=&#8221;section&#8221; _builder_version=&#8221;4.16&#8243; background_color=&#8221;rgba(255,255,255,0)&#8221; custom_padding_tablet=&#8221;50px|0|50px|0&#8243; custom_padding_phone=&#8221;&#8221; transparent_background=&#8221;on&#8221; padding_mobile=&#8221;off&#8221; make_fullwidth=&#8221;off&#8221; use_custom_width=&#8221;off&#8221; width_unit=&#8221;on&#8221; global_colors_info=&#8221;{}&#8221;][et_pb_fullwidth_header title=&#8221;JTC-100&#8243; subhead=&#8221;FABRICADA EN ESPA\u00d1A&#8221; text_orientation=&#8221;center&#8221; logo_image_url=&#8221;https:\/\/www.josetorresguitarras.com\/wp-content\/uploads\/2021\/09\/spain_flag-7.png&#8221; content_max_width=&#8221;none&#8221; content_font_color=&#8221;#000000&#8243; admin_label=&#8221;T\u00edtulo de anchura completa&#8221; _builder_version=&#8221;4.16&#8243; content_text_color=&#8221;#000000&#8243; subhead_font_size=&#8221;14px&#8221; background_color=&#8221;#f9f9f9&#8243; background_layout=&#8221;light&#8221; button_one_letter_spacing_hover=&#8221;0&#8243; button_two_letter_spacing_hover=&#8221;0&#8243; global_colors_info=&#8221;{}&#8221; button_one_text_size__hover_enabled=&#8221;off&#8221; button_two_text_size__hover_enabled=&#8221;off&#8221; button_one_text_color__hover_enabled=&#8221;off&#8221; button_two_text_color__hover_enabled=&#8221;off&#8221; button_one_border_width__hover_enabled=&#8221;off&#8221; button_two_border_width__hover_enabled=&#8221;off&#8221; button_one_border_color__hover_enabled=&#8221;off&#8221; button_two_border_color__hover_enabled=&#8221;off&#8221; button_one_border_radius__hover_enabled=&#8221;off&#8221; button_two_border_radius__hover_enabled=&#8221;off&#8221; button_one_letter_spacing__hover_enabled=&#8221;on&#8221; button_one_letter_spacing__hover=&#8221;0&#8243; button_two_letter_spacing__hover_enabled=&#8221;on&#8221; button_two_letter_spacing__hover=&#8221;0&#8243; button_one_bg_color__hover_enabled=&#8221;off&#8221; button_two_bg_color__hover_enabled=&#8221;off&#8221;][\/et_pb_fullwidth_header][\/et_pb_section][et_pb_section fb_built=&#8221;1&#8243; admin_label=&#8221;section&#8221; _builder_version=&#8221;4.16&#8243; global_colors_info=&#8221;{}&#8221;][et_pb_row column_structure=&#8221;1_2,1_2&#8243; padding_mobile=&#8221;off&#8221; admin_label=&#8221;row&#8221; _builder_version=&#8221;4.16&#8243; background_size=&#8221;initial&#8221; background_position=&#8221;top_left&#8221; background_repeat=&#8221;repeat&#8221; custom_css_main_element=&#8221;margin-bottom: 20px;&#8221; make_fullwidth=&#8221;off&#8221; use_custom_width=&#8221;off&#8221; width_unit=&#8221;on&#8221; global_colors_info=&#8221;{}&#8221;][et_pb_column type=&#8221;1_2&#8243; _builder_version=&#8221;4.16&#8243; custom_padding=&#8221;|||&#8221; global_colors_info=&#8221;{}&#8221; custom_padding__hover=&#8221;|||&#8221;][et_pb_text admin_label=&#8221;Texto&#8221; module_class=&#8221;marco-jt&#8221; _builder_version=&#8221;4.16&#8243; background_color=&#8221;#ffffff&#8221; background_size=&#8221;initial&#8221; background_position=&#8221;top_left&#8221; background_repeat=&#8221;repeat&#8221; max_width=&#8221;700px&#8221; custom_padding=&#8221;10|10|10|10&#8243; custom_css_main_element=&#8221;margin: 0 auto;&#8221; use_border_color=&#8221;off&#8221; border_color=&#8221;#ffffff&#8221; border_style=&#8221;solid&#8221; global_colors_info=&#8221;{}&#8221;]<\/p>\n<div style=\"height: 450px; white-space: pre-wrap; -ms-overflow-y: scroll;\">\n<p><strong>JTC-100. Un modelo de elegancia\u00a0 y comodidad.<\/strong><\/p>\n<p>Guitarra de acabados sofisticados, refinado filete, y con una preciosa madera de cocobolo en los aros y el fondo.<\/p>\n<p>El sonido tiene mucha proyecci\u00f3n, con bajos profundos pero que dejan sobresaltar agudos cristalinos.<\/p>\n<p>La respuesta es r\u00e1pida en todos los registros. La comodidad y la calidad de la ejecuci\u00f3n tambi\u00e9n son extraordinarias, gracias al dise\u00f1o y acabado del m\u00e1stil y al ajuste de la cejuela que ofrece una altura de cuerdas \u00f3ptima.<\/p>\n<p><strong>Garant\u00eda de fabricaci\u00f3n en Espa\u00f1a.<\/strong><\/p>\n<\/div>\n<p>[\/et_pb_text][et_pb_audio audio=&#8221;https:\/\/www.josetorresguitarras.com\/wp-content\/uploads\/2015\/09\/JTC-100.wav&#8221; title=&#8221;Esc\u00fachala&#8221; admin_label=&#8221;Audio&#8221; module_id=&#8221;reproductor-audio&#8221; _builder_version=&#8221;4.16&#8243; title_font_size=&#8221;14&#8243; title_line_height=&#8221;1em&#8221; caption_font_size=&#8221;8&#8243; caption_line_height=&#8221;1em&#8221; background_size=&#8221;initial&#8221; background_position=&#8221;top_left&#8221; background_repeat=&#8221;repeat&#8221; background_layout=&#8221;light&#8221; width=&#8221;%2220%22&#8243; height=&#8221;%2220%22&#8243; custom_css_main_element=&#8221;background-image: url(https:\/\/www.josetorresguitarras.com\/wp-content\/uploads\/2015\/09\/icono-audio-30&#215;30.png);||background-repeat: no-repeat;||background-position:35% 35%; &#8221; use_border_color=&#8221;off&#8221; border_color=&#8221;#ff2323&#8243; border_style=&#8221;solid&#8221; global_colors_info=&#8221;{}&#8221;]&nbsp;<br \/>\n[\/et_pb_audio][\/et_pb_column][et_pb_column type=&#8221;1_2&#8243; _builder_version=&#8221;4.16&#8243; custom_padding=&#8221;|||&#8221; global_colors_info=&#8221;{}&#8221; custom_padding__hover=&#8221;|||&#8221;][et_pb_gallery gallery_ids=&#8221;5000,5005,5010,5015&#8243; fullwidth=&#8221;on&#8221; _builder_version=&#8221;4.25.1&#8243; _module_preset=&#8221;default&#8221; text_orientation=&#8221;center&#8221; module_alignment=&#8221;center&#8221; locked=&#8221;off&#8221; global_colors_info=&#8221;{}&#8221;][\/et_pb_gallery][\/et_pb_column][\/et_pb_row][et_pb_row column_structure=&#8221;1_3,1_3,1_3&#8243; padding_mobile=&#8221;off&#8221; admin_label=&#8221;row&#8221; _builder_version=&#8221;4.25.1&#8243; background_color=&#8221;rgba(211,97,8,0.2)&#8221; background_size=&#8221;initial&#8221; background_position=&#8221;top_left&#8221; background_repeat=&#8221;repeat&#8221; custom_margin=&#8221;||90px||false|false&#8221; make_fullwidth=&#8221;off&#8221; use_custom_width=&#8221;off&#8221; width_unit=&#8221;off&#8221; global_colors_info=&#8221;{}&#8221;][et_pb_column type=&#8221;1_3&#8243; _builder_version=&#8221;4.16&#8243; custom_padding=&#8221;|||&#8221; global_colors_info=&#8221;{}&#8221; custom_padding__hover=&#8221;|||&#8221;][et_pb_text admin_label=&#8221;Texto&#8221; _builder_version=&#8221;4.16&#8243; background_size=&#8221;initial&#8221; background_position=&#8221;top_left&#8221; background_repeat=&#8221;repeat&#8221; custom_padding=&#8221;|||20&#8243; use_border_color=&#8221;off&#8221; border_color=&#8221;#ffffff&#8221; border_style=&#8221;solid&#8221; global_colors_info=&#8221;{}&#8221;]<\/p>\n<p class=\"p1\"><strong>JTC-100<br \/>\n<\/strong><strong>Tapa:<\/strong>\u00a0Cedro macizo<br \/>\n<strong>Ar<\/strong><strong>os:\u00a0<\/strong>Ciricote<strong><br \/>\nPuente:\u00a0<\/strong>Palosanto<\/p>\n<p class=\"p1\">[\/et_pb_text][\/et_pb_column][et_pb_column type=&#8221;1_3&#8243; _builder_version=&#8221;4.16&#8243; custom_padding=&#8221;|||&#8221; global_colors_info=&#8221;{}&#8221; custom_padding__hover=&#8221;|||&#8221;][et_pb_text admin_label=&#8221;Texto&#8221; _builder_version=&#8221;4.16&#8243; background_size=&#8221;initial&#8221; background_position=&#8221;top_left&#8221; background_repeat=&#8221;repeat&#8221; custom_padding=&#8221;|||20&#8243; use_border_color=&#8221;off&#8221; border_color=&#8221;#ffffff&#8221; border_style=&#8221;solid&#8221; global_colors_info=&#8221;{}&#8221;]<\/p>\n<p class=\"p1\"><strong>Fondo:<\/strong>\u00a0Ciricote<strong><br \/> M\u00e1stil:<\/strong>\u00a0Cedro<br \/> <strong>Diapas\u00f3n: <\/strong>\u00c9bano<strong><br \/> Ribeteado: <\/strong>Palosanto de India<\/p>\n<p>[\/et_pb_text][\/et_pb_column][et_pb_column type=&#8221;1_3&#8243; _builder_version=&#8221;4.16&#8243; custom_padding=&#8221;|||&#8221; global_colors_info=&#8221;{}&#8221; custom_padding__hover=&#8221;|||&#8221;][et_pb_text admin_label=&#8221;Texto&#8221; _builder_version=&#8221;4.16&#8243; background_size=&#8221;initial&#8221; background_position=&#8221;top_left&#8221; background_repeat=&#8221;repeat&#8221; custom_padding=&#8221;|||20&#8243; use_border_color=&#8221;off&#8221; border_color=&#8221;#ffffff&#8221; border_style=&#8221;solid&#8221; global_colors_info=&#8221;{}&#8221;]<\/p>\n<p class=\"p1\"><strong>Clavijeros: <\/strong>Dorado<br \/>\n<strong>Cejila:<\/strong>\u00a052 mm<br \/>\n<strong>Escala:<\/strong>\u00a0650 mm<br \/>\n<strong>Acabado:<\/strong>\u00a0Brillante<\/p>\n<p>[\/et_pb_text][\/et_pb_column][\/et_pb_row][\/et_pb_section][et_pb_section fb_built=&#8221;1&#8243; fullwidth=&#8221;on&#8221; admin_label=&#8221;section&#8221; _builder_version=&#8221;4.16&#8243; global_colors_info=&#8221;{}&#8221;][et_pb_fullwidth_image src=&#8221;https:\/\/www.josetorresguitarras.com\/wp-content\/uploads\/2015\/07\/footer1-recortada1.jpeg&#8221; admin_label=&#8221;Imagen de anchura completa&#8221; _builder_version=&#8221;4.16&#8243; custom_margin=&#8221;||-13px|&#8221; animation_style=&#8221;fade&#8221; animation_duration=&#8221;500ms&#8221; use_border_color=&#8221;off&#8221; border_color=&#8221;#ffffff&#8221; border_style=&#8221;solid&#8221; animation=&#8221;fade_in&#8221; global_colors_info=&#8221;{}&#8221;][\/et_pb_fullwidth_image][\/et_pb_section]<\/p>\n","protected":false},"excerpt":{"rendered":"<p>JTC-100. Un modelo de elegancia\u00a0 y comodidad. Guitarra de acabados sofisticados, refinado filete, y con una preciosa madera de cocobolo en los aros y el fondo. El sonido tiene mucha proyecci\u00f3n, con bajos profundos pero que dejan sobresaltar agudos cristalinos. La respuesta es r\u00e1pida en todos los registros. La comodidad y la calidad de la [&hellip;]<\/p>\n","protected":false},"author":3,"featured_media":4117,"parent":1689,"menu_order":125,"comment_status":"open","ping_status":"closed","template":"","meta":{"_et_pb_use_builder":"on","_et_pb_old_content":"","_et_gb_content_width":"","footnotes":""},"categories":[75],"tags":[],"class_list":["post-1703","page","type-page","status-publish","has-post-thumbnail","hentry","category-uncategorized-pt-pt"],"aioseo_notices":[],"_links":{"self":[{"href":"https:\/\/www.josetorresguitarras.com\/pt-pt\/wp-json\/wp\/v2\/pages\/1703","targetHints":{"allow":["GET"]}}],"collection":[{"href":"https:\/\/www.josetorresguitarras.com\/pt-pt\/wp-json\/wp\/v2\/pages"}],"about":[{"href":"https:\/\/www.josetorresguitarras.com\/pt-pt\/wp-json\/wp\/v2\/types\/page"}],"author":[{"embeddable":true,"href":"https:\/\/www.josetorresguitarras.com\/pt-pt\/wp-json\/wp\/v2\/users\/3"}],"replies":[{"embeddable":true,"href":"https:\/\/www.josetorresguitarras.com\/pt-pt\/wp-json\/wp\/v2\/comments?post=1703"}],"version-history":[{"count":14,"href":"https:\/\/www.josetorresguitarras.com\/pt-pt\/wp-json\/wp\/v2\/pages\/1703\/revisions"}],"predecessor-version":[{"id":5500,"href":"https:\/\/www.josetorresguitarras.com\/pt-pt\/wp-json\/wp\/v2\/pages\/1703\/revisions\/5500"}],"up":[{"embeddable":true,"href":"https:\/\/www.josetorresguitarras.com\/pt-pt\/wp-json\/wp\/v2\/pages\/1689"}],"wp:featuredmedia":[{"embeddable":true,"href":"https:\/\/www.josetorresguitarras.com\/pt-pt\/wp-json\/wp\/v2\/media\/4117"}],"wp:attachment":[{"href":"https:\/\/www.josetorresguitarras.com\/pt-pt\/wp-json\/wp\/v2\/media?parent=1703"}],"wp:term":[{"taxonomy":"category","embeddable":true,"href":"https:\/\/www.josetorresguitarras.com\/pt-pt\/wp-json\/wp\/v2\/categories?post=1703"},{"taxonomy":"post_tag","embeddable":true,"href":"https:\/\/www.josetorresguitarras.com\/pt-pt\/wp-json\/wp\/v2\/tags?post=1703"}],"curies":[{"name":"wp","href":"https:\/\/api.w.org\/{rel}","templated":true}]}}