{"id":1701,"date":"2015-08-18T18:31:55","date_gmt":"2015-08-18T17:31:55","guid":{"rendered":"http:\/\/www.josetorresguitarras.com\/?page_id=1701"},"modified":"2016-01-27T10:43:59","modified_gmt":"2016-01-27T09:43:59","slug":"jtc-50","status":"publish","type":"page","link":"https:\/\/www.josetorresguitarras.com\/pt-pt\/guitarras-classicas\/jtc-50\/","title":{"rendered":"JTC-50"},"content":{"rendered":"<p>[et_pb_section admin_label=&#8221;section&#8221; fullwidth=&#8221;on&#8221; specialty=&#8221;off&#8221; transparent_background=&#8221;on&#8221; background_color=&#8221;#dbc2b6&#8243; allow_player_pause=&#8221;off&#8221; inner_shadow=&#8221;off&#8221; parallax=&#8221;off&#8221; parallax_method=&#8221;off&#8221; padding_mobile=&#8221;off&#8221; make_fullwidth=&#8221;off&#8221; use_custom_width=&#8221;off&#8221; width_unit=&#8221;on&#8221; make_equal=&#8221;off&#8221; use_custom_gutter=&#8221;off&#8221;][et_pb_fullwidth_header admin_label=&#8221;T\u00edtulo de anchura completa&#8221; title=&#8221;JTC-50&#8243; background_layout=&#8221;light&#8221; text_orientation=&#8221;center&#8221; header_fullscreen=&#8221;off&#8221; header_scroll_down=&#8221;off&#8221; parallax=&#8221;off&#8221; parallax_method=&#8221;off&#8221; content_orientation=&#8221;center&#8221; image_orientation=&#8221;center&#8221; custom_button_one=&#8221;off&#8221; button_one_letter_spacing=&#8221;0&#8243; button_one_use_icon=&#8221;default&#8221; button_one_icon_placement=&#8221;right&#8221; button_one_on_hover=&#8221;on&#8221; button_one_letter_spacing_hover=&#8221;0&#8243; custom_button_two=&#8221;off&#8221; button_two_letter_spacing=&#8221;0&#8243; button_two_use_icon=&#8221;default&#8221; button_two_icon_placement=&#8221;right&#8221; button_two_on_hover=&#8221;on&#8221; button_two_letter_spacing_hover=&#8221;0&#8243; background_color=&#8221;#f9f9f9&#8243; scroll_down_icon_size=&#8221;24px&#8221; subhead_font_size=&#8221;14px&#8221; content_font_color=&#8221;#000000&#8243;]<\/p>\n<p>[\/et_pb_fullwidth_header][\/et_pb_section][et_pb_section admin_label=&#8221;section&#8221;][et_pb_row admin_label=&#8221;row&#8221; make_fullwidth=&#8221;off&#8221; use_custom_width=&#8221;off&#8221; width_unit=&#8221;on&#8221; use_custom_gutter=&#8221;off&#8221; padding_mobile=&#8221;off&#8221; allow_player_pause=&#8221;off&#8221; parallax=&#8221;off&#8221; parallax_method=&#8221;off&#8221; make_equal=&#8221;off&#8221; custom_css_main_element=&#8221;margin-bottom: 20px;&#8221;][et_pb_column type=&#8221;1_2&#8243;][et_pb_text admin_label=&#8221;Texto&#8221; background_layout=&#8221;light&#8221; text_orientation=&#8221;left&#8221; use_border_color=&#8221;off&#8221; border_color=&#8221;#ffffff&#8221; border_style=&#8221;solid&#8221; background_color=&#8221;#ffffff&#8221; custom_padding=&#8221;10|10|10|10&#8243; max_width=&#8221;700px&#8221; module_class=&#8221;marco-jt&#8221; custom_css_main_element=&#8221;margin: 0 auto;&#8221;]<\/p>\n<div style=\"height: 450px; white-space: pre-wrap; overflow-y: scroll;\">\n<p>Dirigida ao tocador m\u00e9dio ou avan\u00e7ado, esta guitarra est\u00e1 desenhada para oferecer uma execu\u00e7\u00e3o excepcional.<\/p>\n<p>A altura das cordas est\u00e1 pensada para facilitar a pulsa\u00e7\u00e3o, conjuntamente com um desenho de bra\u00e7o ergon\u00f3mico, o resultado \u00e9 uma comodidade excelente. Tamb\u00e9m incorpora uma vareta regul\u00e1vel no bra\u00e7o que proporciona duas vantagens importantes.<\/p>\n<p><span style=\"line-height: 1.5;\">Por um lado, reduz os problemas de curvatura do escala, e pelo outro, permite que o bra\u00e7o seja mais estreito e mais ergon\u00f3mico. Este \u00faltimo faz que a execu\u00e7\u00e3o da m\u00e3o esquerda seja muito gr\u00e1cil e ligeira. O som \u00e9 muito equilibrado e limpo. Os baixos s\u00e3o potentes e profundos e se destacam agudos cristalinos.<\/span><\/p>\n<\/div>\n<p>[\/et_pb_text][et_pb_audio admin_label=&#8221;Audio&#8221; audio=&#8221;http:\/\/www.josetorresguitarras.com\/wp-content\/uploads\/2015\/09\/JTC-50.wav&#8221; class=&#8221;%22alignnone&#8221; src=&#8221;%22http:\/\/www.josetorresguitarras.com\/wp-content\/uploads\/2015\/09\/icono-audio-30&#215;30.png%22&#8243; alt=&#8221;%22icono-audio-30&#215;30%22&#8243; width=&#8221;%2220%22&#8243; height=&#8221;%2220%22&#8243; background_layout=&#8221;light&#8221; use_border_color=&#8221;off&#8221; border_color=&#8221;#ff2323&#8243; border_style=&#8221;solid&#8221; title_line_height=&#8221;1em&#8221; title_font_size=&#8221;14&#8243; caption_font_size=&#8221;8&#8243; caption_line_height=&#8221;1em&#8221; module_id=&#8221;reproductor-audio&#8221; custom_css_main_element=&#8221;background-image: url(http:\/\/www.josetorresguitarras.com\/wp-content\/uploads\/2015\/09\/icono-audio-30&#215;30.png);||background-repeat: no-repeat;||background-position:35% 35%; &#8221; title=&#8221;Escuta-la&#8221;]<\/p>\n<p>&nbsp;<\/p>\n<p>[\/et_pb_audio][\/et_pb_column][et_pb_column type=&#8221;1_2&#8243;][et_pb_text admin_label=&#8221;Texto&#8221; background_layout=&#8221;light&#8221; text_orientation=&#8221;left&#8221; use_border_color=&#8221;off&#8221; border_color=&#8221;#ffffff&#8221; border_style=&#8221;solid&#8221;]<\/p>\n\n<!-- 360 Product Rotation Plugin v.1.5.8 by www.yofla.com  Begin -->\n<iframe loading=\"lazy\"\n            name=\"3drt-yofla360_360_jtc-50\"\n            id=\"3drt-yofla360_360_jtc-50\"\n            width=\"480\"\n            height=\"700\"\n            src=\"https:\/\/www.josetorresguitarras.com\/wp-content\/plugins\/360-product-rotation\/includes\/iframe.php?src=%2F360%2Fjtc-50&product_name=360+Product+View&ga_label=360+%40+%2F360%2Fjtc-50&ga_category=YOFLA_360&ga_tracking_id=0\"\n            marginheight=\"0\"\n            marginwidth=\"0\"\n            scrolling=\"no\"\n            class=\"yofla_360_iframe\"\n            allowfullscreen\n            style=\"\u201dborder:\"\n            ><\/iframe>\n<!-- 360 Product Rotation Plugin v.1.5.8 by www.yofla.com  End -->\n\n<p>[\/et_pb_text][\/et_pb_column][\/et_pb_row][et_pb_row admin_label=&#8221;row&#8221; make_fullwidth=&#8221;off&#8221; use_custom_width=&#8221;off&#8221; width_unit=&#8221;off&#8221; use_custom_gutter=&#8221;off&#8221; padding_mobile=&#8221;off&#8221; allow_player_pause=&#8221;off&#8221; parallax=&#8221;off&#8221; parallax_method=&#8221;off&#8221; make_equal=&#8221;off&#8221; background_color=&#8221;rgba(211,97,8,0.2)&#8221;][et_pb_column type=&#8221;1_3&#8243;][et_pb_text admin_label=&#8221;Texto&#8221; background_layout=&#8221;light&#8221; text_orientation=&#8221;left&#8221; use_border_color=&#8221;off&#8221; border_color=&#8221;#ffffff&#8221; border_style=&#8221;solid&#8221; custom_padding=&#8221;|||20&#8243;]<\/p>\n<p class=\"p1\"><strong>JTC-50<br \/>\nTampo:<\/strong>\u00a0Cedro\u00a0maci\u00e7a<br \/>\n<strong>Aros: <\/strong>Pau-rosa de \u00cdndia<\/p>\n<p>[\/et_pb_text][\/et_pb_column][et_pb_column type=&#8221;1_3&#8243;][et_pb_text admin_label=&#8221;Texto&#8221; background_layout=&#8221;light&#8221; text_orientation=&#8221;left&#8221; use_border_color=&#8221;off&#8221; border_color=&#8221;#ffffff&#8221; border_style=&#8221;solid&#8221; custom_padding=&#8221;|||20&#8243;]<\/p>\n<p><strong>Fundo:<\/strong>\u00a0Pau-rosa de \u00cdndia<strong><br \/>\nBra\u00e7o:<\/strong>\u00a0Cedro<br \/>\n<strong>Escala: <\/strong>\u00c9bano<\/p>\n<p>[\/et_pb_text][\/et_pb_column][et_pb_column type=&#8221;1_3&#8243;][et_pb_text admin_label=&#8221;Texto&#8221; background_layout=&#8221;light&#8221; text_orientation=&#8221;left&#8221; use_border_color=&#8221;off&#8221; border_color=&#8221;#ffffff&#8221; border_style=&#8221;solid&#8221; custom_padding=&#8221;|||20&#8243;]<\/p>\n<p><strong>Cravelhas:\u00a0<\/strong>Dourado<br \/>\n<strong>Eletr\u00f4nica:<\/strong>\u00a0\u2013<br \/>\n<strong>Acabamento:<\/strong>\u00a0Brilhante<\/p>\n<p>[\/et_pb_text][\/et_pb_column][\/et_pb_row][et_pb_row admin_label=&#8221;row&#8221; make_fullwidth=&#8221;off&#8221; use_custom_width=&#8221;off&#8221; width_unit=&#8221;on&#8221; use_custom_gutter=&#8221;off&#8221; padding_mobile=&#8221;off&#8221; allow_player_pause=&#8221;off&#8221; parallax=&#8221;off&#8221; parallax_method=&#8221;off&#8221; make_equal=&#8221;off&#8221; padding_top_1=&#8221;20&#8243;][et_pb_column type=&#8221;4_4&#8243;][et_pb_text admin_label=&#8221;Texto&#8221; background_layout=&#8221;light&#8221; text_orientation=&#8221;left&#8221; use_border_color=&#8221;off&#8221; border_color=&#8221;#ffffff&#8221; border_style=&#8221;solid&#8221;]<\/p>\n<script>\n    jQuery(document).ready(function() {\n        var opt = {};\nopt['source'] = 'image:956';opt['contentoption'] = '';opt['contentlink'] = '';opt['contenttitle'] = '';opt['contentexcerptrm'] = '';opt['contenttemplate'] = '';opt['superids'] = '';opt['visible'] = 4;opt['itemWidth'] = 100;opt['itemHeight'] = '';opt['mobileVisible'] = 1;opt['mobileWidth'] = 480;opt['tabletVisible'] = 2;opt['tabletWidth'] = 768;opt['direction'] = 'left';opt['effect'] = 'slide';opt['easing'] = 'swing';opt['easingTime'] = 1000;opt['step'] = 0;opt['auto'] = '';opt['pauseTime'] = 2000;opt['pauseOver'] = '';opt['autoHeight'] = 1;opt['slideGap'] = 4;opt['nextPrev'] = 1;opt['paging'] = '';opt['circular'] = 1;opt['mouseWheel'] = 1;opt['swipe'] = '';opt['keys'] = '';opt['superrandom'] = '';opt['smallbut'] = 1;opt['navpadding'] = 1;opt['navstyle'] = 'style3-white';opt['customclass'] = '';opt['autoscroll'] = 1;opt['scrollspeed'] = 0.25;opt['superhidden'] = '';opt['mobileItemWidth'] = '';opt['mobileItemHeight'] = '';opt['tabletItemWidth'] = '';opt['tabletItemHeight'] = '';opt['next'] = '#next276445';opt['prev'] = '#prev276445';opt['type'] = 'image';        opt.onload = function($$) {\n            var rd = 276445;\n            var tot = $$.find('>div').length \/ 3;\n            $$.find('>div:lt(' + (tot) + ') a.superlight').attr('class', 'blk superlightx'+rd);\n            $$.find('>div:gt(' + ((tot * 2) - 1) + ') a.superlight').attr('class', 'blk superlighty'+rd);\n            \n            $$.find('>div a.superlight').attr('class', 'blk superlight'+rd);\n\n            jQuery('#supercrsl276445').lightGallery({'selector': '.superlight'+rd});\n            jQuery('#supercrsl276445').lightGallery({'selector': '.superlightx'+rd});\n            jQuery('#supercrsl276445').lightGallery({'selector': '.superlighty'+rd});\n\n            if (scarousel276445) {\n                scarousel276445.resetSwipe();\n            }\n        }\n        if (jQuery(\"#supercarousel276445\").find(\">div\").length == 0) {\n            jQuery(\"#supercrsl276445\").hide();\n            return;\n        }\n        jQuery().framerate();\n        var scarousel276445 = jQuery(\"#supercarousel276445\").supercarousel(opt);\n    });\n<\/script>\n<div id=\"supercrsl276445\" class=\"supercrsl pdgwnav\">\n    <div class=\"supercarousel\" id=\"supercarousel276445\">\n                    <div>\n                <a href=\"http:\/\/www.josetorresguitarras.com\/wp-content\/uploads\/2015\/09\/detalle-jtc-50-1.jpg\" data-src=\"http:\/\/www.josetorresguitarras.com\/wp-content\/uploads\/2015\/09\/detalle-jtc-50-1.jpg\" class=\"blk superlight\"><img decoding=\"async\" alt=\"\" class=\"imgslide\" src=\"http:\/\/www.josetorresguitarras.com\/wp-content\/uploads\/2015\/09\/detalle-jtc-50-1.jpg\" \/><\/a>            <\/div>\n                        <div>\n                <a href=\"http:\/\/www.josetorresguitarras.com\/wp-content\/uploads\/2015\/09\/detalle-jtc-50-2.jpg\" data-src=\"http:\/\/www.josetorresguitarras.com\/wp-content\/uploads\/2015\/09\/detalle-jtc-50-2.jpg\" class=\"blk superlight\"><img decoding=\"async\" alt=\"\" class=\"imgslide\" src=\"http:\/\/www.josetorresguitarras.com\/wp-content\/uploads\/2015\/09\/detalle-jtc-50-2.jpg\" \/><\/a>            <\/div>\n                        <div>\n                <a href=\"http:\/\/www.josetorresguitarras.com\/wp-content\/uploads\/2015\/09\/detalle-jtc-50-3.jpg\" data-src=\"http:\/\/www.josetorresguitarras.com\/wp-content\/uploads\/2015\/09\/detalle-jtc-50-3.jpg\" class=\"blk superlight\"><img decoding=\"async\" alt=\"\" class=\"imgslide\" src=\"http:\/\/www.josetorresguitarras.com\/wp-content\/uploads\/2015\/09\/detalle-jtc-50-3.jpg\" \/><\/a>            <\/div>\n                        <div>\n                <a href=\"http:\/\/www.josetorresguitarras.com\/wp-content\/uploads\/2015\/09\/detalle-jtc-50-4.jpg\" data-src=\"http:\/\/www.josetorresguitarras.com\/wp-content\/uploads\/2015\/09\/detalle-jtc-50-4.jpg\" class=\"blk superlight\"><img decoding=\"async\" alt=\"\" class=\"imgslide\" src=\"http:\/\/www.josetorresguitarras.com\/wp-content\/uploads\/2015\/09\/detalle-jtc-50-4.jpg\" \/><\/a>            <\/div>\n                <\/div><div class=\"clear\"><\/div>\n            <a class=\"prev small superprev style3-white\" id=\"prev276445\" href=\"#\"><span>prev<\/span><\/a>\n        <a class=\"next small supernext style3-white\" id=\"next276445\" href=\"#\"><span>next<\/span><\/a>\n            <div class=\"pagination\" id=\"pag276445\"><\/div>\n<\/div>\n<p>[\/et_pb_text][\/et_pb_column][\/et_pb_row][\/et_pb_section][et_pb_section admin_label=&#8221;section&#8221; fullwidth=&#8221;on&#8221; specialty=&#8221;off&#8221;][et_pb_fullwidth_image admin_label=&#8221;Imagen de anchura completa&#8221; src=&#8221;http:\/\/www.josetorresguitarras.com\/wp-content\/uploads\/2015\/07\/footer1-recortada1.jpeg&#8221; show_in_lightbox=&#8221;off&#8221; url_new_window=&#8221;off&#8221; animation=&#8221;fade_in&#8221; use_border_color=&#8221;off&#8221; border_color=&#8221;#ffffff&#8221; border_style=&#8221;solid&#8221; custom_margin=&#8221;||-13px|&#8221;]<\/p>\n<p>[\/et_pb_fullwidth_image][\/et_pb_section]<\/p>\n","protected":false},"excerpt":{"rendered":"<p>Dirigida ao tocador m\u00e9dio ou avan\u00e7ado, esta guitarra est\u00e1 desenhada para oferecer uma execu\u00e7\u00e3o excepcional. A altura das cordas est\u00e1 pensada para facilitar a pulsa\u00e7\u00e3o, conjuntamente com um desenho de bra\u00e7o ergon\u00f3mico, o resultado \u00e9 uma comodidade excelente. Tamb\u00e9m incorpora uma vareta regul\u00e1vel no bra\u00e7o que proporciona duas vantagens importantes. Por um lado, reduz os [&hellip;]<\/p>\n","protected":false},"author":3,"featured_media":2038,"parent":1689,"menu_order":114,"comment_status":"open","ping_status":"closed","template":"","meta":{"_et_pb_use_builder":"on","_et_pb_old_content":"","_et_gb_content_width":"","footnotes":""},"categories":[75],"tags":[],"class_list":["post-1701","page","type-page","status-publish","has-post-thumbnail","hentry","category-uncategorized-pt-pt"],"aioseo_notices":[],"_links":{"self":[{"href":"https:\/\/www.josetorresguitarras.com\/pt-pt\/wp-json\/wp\/v2\/pages\/1701","targetHints":{"allow":["GET"]}}],"collection":[{"href":"https:\/\/www.josetorresguitarras.com\/pt-pt\/wp-json\/wp\/v2\/pages"}],"about":[{"href":"https:\/\/www.josetorresguitarras.com\/pt-pt\/wp-json\/wp\/v2\/types\/page"}],"author":[{"embeddable":true,"href":"https:\/\/www.josetorresguitarras.com\/pt-pt\/wp-json\/wp\/v2\/users\/3"}],"replies":[{"embeddable":true,"href":"https:\/\/www.josetorresguitarras.com\/pt-pt\/wp-json\/wp\/v2\/comments?post=1701"}],"version-history":[{"count":6,"href":"https:\/\/www.josetorresguitarras.com\/pt-pt\/wp-json\/wp\/v2\/pages\/1701\/revisions"}],"predecessor-version":[{"id":1982,"href":"https:\/\/www.josetorresguitarras.com\/pt-pt\/wp-json\/wp\/v2\/pages\/1701\/revisions\/1982"}],"up":[{"embeddable":true,"href":"https:\/\/www.josetorresguitarras.com\/pt-pt\/wp-json\/wp\/v2\/pages\/1689"}],"wp:featuredmedia":[{"embeddable":true,"href":"https:\/\/www.josetorresguitarras.com\/pt-pt\/wp-json\/wp\/v2\/media\/2038"}],"wp:attachment":[{"href":"https:\/\/www.josetorresguitarras.com\/pt-pt\/wp-json\/wp\/v2\/media?parent=1701"}],"wp:term":[{"taxonomy":"category","embeddable":true,"href":"https:\/\/www.josetorresguitarras.com\/pt-pt\/wp-json\/wp\/v2\/categories?post=1701"},{"taxonomy":"post_tag","embeddable":true,"href":"https:\/\/www.josetorresguitarras.com\/pt-pt\/wp-json\/wp\/v2\/tags?post=1701"}],"curies":[{"name":"wp","href":"https:\/\/api.w.org\/{rel}","templated":true}]}}