{"id":1915,"date":"2015-11-26T13:58:35","date_gmt":"2015-11-26T12:58:35","guid":{"rendered":"http:\/\/www.josetorresguitarras.com\/?page_id=1915"},"modified":"2015-11-26T14:01:13","modified_gmt":"2015-11-26T13:01:13","slug":"empresa","status":"publish","type":"page","link":"https:\/\/www.josetorresguitarras.com\/it\/empresa\/","title":{"rendered":"Empresa"},"content":{"rendered":"<p>[et_pb_section admin_label=&#8221;section&#8221;][et_pb_row admin_label=&#8221;row&#8221;][\/et_pb_row][\/et_pb_section][et_pb_section admin_label=&#8221;Secci\u00f3n&#8221; fullwidth=&#8221;off&#8221; specialty=&#8221;on&#8221;][et_pb_column type=&#8221;2_3&#8243; specialty_columns=&#8221;2&#8243;][et_pb_row_inner admin_label=&#8221;Fila&#8221;][et_pb_column_inner type=&#8221;4_4&#8243; saved_specialty_column_type=&#8221;2_3&#8243;][et_pb_text admin_label=&#8221;Texto&#8221; background_layout=&#8221;light&#8221; text_orientation=&#8221;left&#8221; use_border_color=&#8221;off&#8221; border_color=&#8221;#ffffff&#8221; border_style=&#8221;solid&#8221;]<\/p>\n<p style=\"text-align: center;\"><a href=\"http:\/\/www.josetorresguitarras.com\/wp-content\/uploads\/2015\/06\/logo-jose-torres-300px.jpeg\"><img loading=\"lazy\" decoding=\"async\" class=\"alignnone wp-image-41 size-medium\" src=\"http:\/\/www.josetorresguitarras.com\/wp-content\/uploads\/2015\/06\/logo-jose-torres-300px-300x96.jpeg\" alt=\"\" width=\"300\" height=\"96\" srcset=\"https:\/\/www.josetorresguitarras.com\/wp-content\/uploads\/2015\/06\/logo-jose-torres-300px-300x96.jpeg 300w, https:\/\/www.josetorresguitarras.com\/wp-content\/uploads\/2015\/06\/logo-jose-torres-300px-1024x328.jpeg 1024w, https:\/\/www.josetorresguitarras.com\/wp-content\/uploads\/2015\/06\/logo-jose-torres-300px-1080x346.jpeg 1080w, https:\/\/www.josetorresguitarras.com\/wp-content\/uploads\/2015\/06\/logo-jose-torres-300px.jpeg 1419w\" sizes=\"(max-width: 300px) 100vw, 300px\" \/><\/a><\/p>\n<p style=\"text-align: center;\"><a href=\"http:\/\/www.josetorresguitarras.com\/wp-content\/uploads\/2015\/09\/separador-secciones-pq.png\"><img loading=\"lazy\" decoding=\"async\" class=\"alignnone size-full wp-image-713\" src=\"http:\/\/www.josetorresguitarras.com\/wp-content\/uploads\/2015\/09\/separador-secciones-pq.png\" alt=\"separador-secciones-pq\" width=\"200\" height=\"11\" \/><\/a><\/p>\n<p style=\"text-align: center;\"><strong>Our philosophy<\/strong><\/p>\n<p style=\"text-align: justify;\">Jose Torres is a new generation of guitars that combine expertise and tradition in perfect combination with the most modern technology. The elegance of the shapes, the detail of the finishes, the balance in the sound and the best woods, specially selected. This is the philosophy of the new Jose Torres guitars, all of which are handmade.<\/p>\n<p style=\"text-align: justify;\"><em>\u201cMusic is emotion, and a guitar should convey all of the passion of the person playing it and who makes it produce a sound. Each guitar is an extension of the soul, and it needs to be loyal to the spirit of the notes and generous in its sound. The same spirit with which the Jose Torres guitars are designed and manufactured\u201d<\/em><\/p>\n<p>[\/et_pb_text][et_pb_text admin_label=&#8221;Texto&#8221; background_layout=&#8221;light&#8221; text_orientation=&#8221;left&#8221; use_border_color=&#8221;off&#8221; border_color=&#8221;#ffffff&#8221; border_style=&#8221;solid&#8221;]<\/p>\n<p style=\"text-align: center;\"><strong>Our brand<\/strong><\/p>\n<p style=\"text-align: justify;\">Jose Torres offers a wide range of guitars, classical and Flamenco guitars, of different qualities and prices, different sound tones and a variety of hard woods, to cover each and every one of the needs of each musician. From study guitars designed in Spain, to music school and concert guitars made completely in Spain.<\/p>\n<p style=\"text-align: justify;\">All of the Jose Torres guitars are made with the precision, dedication and demands that are required by artisan production, together with the inclusion of innovative elements in their finishes, like their ergonomic section and the adjustment of the neck, which make them comfortable guitars suitable for the different levels of guitarists. More than 10 years&#8217; experience making guitars has allowed us to know the real needs that musicians have, applying all of this knowledge to the new range of artisan Jose Torres guitars.<\/p>\n<p>[\/et_pb_text][et_pb_text admin_label=&#8221;Texto&#8221; background_layout=&#8221;light&#8221; text_orientation=&#8221;left&#8221; use_border_color=&#8221;off&#8221; border_color=&#8221;#ffffff&#8221; border_style=&#8221;solid&#8221;]<\/p>\n<p style=\"text-align: center;\"><strong>Quality control<\/strong><\/p>\n<p style=\"text-align: justify;\">Quality and reliability are the main challenges of the Jose Torres guitars. Guitars made with the utmost rigour and precision. In its final process, each one of the Jose Torres guitars goes through a complete quality control check, so that the instrument is in perfect condition when it reaches the hands of the guitarist.<\/p>\n<p style=\"text-align: justify;\">The 3 years&#8217; warranty offered for Jose Torres guitars is the best warranty that ensures that the guitars are made under the strictest quality parameters.<a href=\"http:\/\/www.josetorresguitarras.com\/wp-content\/uploads\/2015\/06\/3-a\u00f1os-de.jpg\"><img loading=\"lazy\" decoding=\"async\" class=\"size-full wp-image-1901 alignright\" src=\"http:\/\/www.josetorresguitarras.com\/wp-content\/uploads\/2015\/06\/3-a\u00f1os-de.jpg\" alt=\"3 a\u00f1os de\" width=\"191\" height=\"118\" \/><\/a><\/p>\n<p>[\/et_pb_text][\/et_pb_column_inner][\/et_pb_row_inner][\/et_pb_column][et_pb_column type=&#8221;1_3&#8243;][et_pb_image admin_label=&#8221;Imagen&#8221; src=&#8221;http:\/\/www.josetorresguitarras.com\/wp-content\/uploads\/2015\/06\/IMGP3167-baja.jpg&#8221; show_in_lightbox=&#8221;off&#8221; url_new_window=&#8221;off&#8221; animation=&#8221;left&#8221; sticky=&#8221;off&#8221; align=&#8221;left&#8221; force_fullwidth=&#8221;off&#8221; always_center_on_mobile=&#8221;on&#8221; use_border_color=&#8221;off&#8221; border_color=&#8221;#ffffff&#8221; border_style=&#8221;solid&#8221;] [\/et_pb_image][et_pb_image admin_label=&#8221;Imagen&#8221; src=&#8221;http:\/\/www.josetorresguitarras.com\/wp-content\/uploads\/2015\/06\/IMGP3161baja.jpg&#8221; show_in_lightbox=&#8221;off&#8221; url_new_window=&#8221;off&#8221; animation=&#8221;left&#8221; sticky=&#8221;off&#8221; align=&#8221;left&#8221; force_fullwidth=&#8221;off&#8221; always_center_on_mobile=&#8221;on&#8221; use_border_color=&#8221;off&#8221; border_color=&#8221;#ffffff&#8221; border_style=&#8221;solid&#8221;] [\/et_pb_image][et_pb_image admin_label=&#8221;Imagen&#8221; src=&#8221;http:\/\/www.josetorresguitarras.com\/wp-content\/uploads\/2015\/06\/IMGP3096-baja.jpg&#8221; show_in_lightbox=&#8221;off&#8221; url_new_window=&#8221;off&#8221; animation=&#8221;left&#8221; sticky=&#8221;off&#8221; align=&#8221;left&#8221; force_fullwidth=&#8221;off&#8221; always_center_on_mobile=&#8221;on&#8221; use_border_color=&#8221;off&#8221; border_color=&#8221;#ffffff&#8221; border_style=&#8221;solid&#8221;] [\/et_pb_image][et_pb_image admin_label=&#8221;Imagen&#8221; src=&#8221;http:\/\/www.josetorresguitarras.com\/wp-content\/uploads\/2015\/06\/IMGP3083-baja.jpg&#8221; show_in_lightbox=&#8221;off&#8221; url_new_window=&#8221;off&#8221; animation=&#8221;left&#8221; sticky=&#8221;off&#8221; align=&#8221;left&#8221; force_fullwidth=&#8221;off&#8221; always_center_on_mobile=&#8221;on&#8221; use_border_color=&#8221;off&#8221; border_color=&#8221;#ffffff&#8221; border_style=&#8221;solid&#8221;] [\/et_pb_image][\/et_pb_column][\/et_pb_section]<\/p>\n","protected":false},"excerpt":{"rendered":"<p>Our philosophy Jose Torres is a new generation of guitars that combine expertise and tradition in perfect combination with the most modern technology. The elegance of the shapes, the detail of the finishes, the balance in the sound and the best woods, specially selected. This is the philosophy of the new Jose Torres guitars, all [&hellip;]<\/p>\n","protected":false},"author":3,"featured_media":0,"parent":0,"menu_order":35,"comment_status":"open","ping_status":"closed","template":"","meta":{"_et_pb_use_builder":"on","_et_pb_old_content":"<p style=\"text-align: center;\"><strong>Nuestra filosof\u00eda<\/strong><\/p><p style=\"text-align: center;\"><a href=\"http:\/\/www.josetorresguitarras.com\/wp-content\/uploads\/2015\/09\/separador-secciones-pq.png\"><img class=\"alignnone size-full wp-image-713\" src=\"http:\/\/www.josetorresguitarras.com\/wp-content\/uploads\/2015\/09\/separador-secciones-pq.png\" alt=\"separador-secciones-pq\" width=\"200\" height=\"11\" \/><\/a><\/p><p style=\"text-align: left;\">Jos\u00e9 Torres es una nueva generaci\u00f3n de guitarras que combina maestr\u00eda y tradici\u00f3n en perfecta combinaci\u00f3n con la tecnolog\u00eda m\u00e1s moderna. La elegancia en las formas, el detalle en los acabados, el equilibrio en el sonido y las mejores maderas especialmente seleccionadas. \u00c9sta es la filosof\u00eda de las nuevas guitarras Jose Torres, todas ellas hechas a mano.<\/p><p style=\"text-align: left;\">La m\u00fasica son emociones, y una guitarra debe transmitir toda la pasi\u00f3n de quien la toca y la hace sonar. Cada guitarra es una extensi\u00f3n del alma, y ha de ser fiel al esp\u00edritu de las notas y generosa en su sonido. El mismo esp\u00edritu con el que se dise\u00f1an y fabrican las guitarras Jose Torres<a href=\"http:\/\/www.josetorresguitarras.com\/wp-content\/uploads\/2015\/06\/IMGP3161.jpg\"><img class=\"wp-image-1889 size-medium alignnone\" src=\"http:\/\/www.josetorresguitarras.com\/wp-content\/uploads\/2015\/06\/IMGP3161-300x199.jpg\" alt=\"IMGP3161\" width=\"300\" height=\"199\" \/><\/a><a href=\"http:\/\/www.josetorresguitarras.com\/wp-content\/uploads\/2015\/06\/IMGP3167.jpg\"><img class=\"size-medium wp-image-1890 alignnone\" src=\"http:\/\/www.josetorresguitarras.com\/wp-content\/uploads\/2015\/06\/IMGP3167-300x199.jpg\" alt=\"IMGP3167\" width=\"300\" height=\"199\" \/><\/a><\/p><p style=\"text-align: center;\">\u00a0<\/p><p style=\"text-align: center;\">\u00a0<\/p><p style=\"text-align: center;\">\u00a0<\/p><p style=\"text-align: center;\"><strong>Nuestra marca<\/strong><\/p><p style=\"text-align: center;\"><a href=\"http:\/\/www.josetorresguitarras.com\/wp-content\/uploads\/2015\/09\/separador-secciones-pq.png\"><img class=\"alignnone size-full wp-image-713\" src=\"http:\/\/www.josetorresguitarras.com\/wp-content\/uploads\/2015\/09\/separador-secciones-pq.png\" alt=\"separador-secciones-pq\" width=\"200\" height=\"11\" \/><\/a><\/p><p>\u00a0<\/p><p>Jos\u00e9 Torres ofrece una amplia selecci\u00f3n de guitarras, cl\u00e1sicas y flamencas, de distintas calidades y precios, diferentes timbres sonoros y variedad de maderas nobles, para cubrir todas y cada una de las necesidades de cada m\u00fasico. Desde guitarras de estudio dise\u00f1adas en Espa\u00f1a, hasta guitarras de conservatorio y concierto fabricadas \u00edntegramente en Espa\u00f1a.<\/p><p>Todas las guitarras Jose Torres est\u00e1n construidas con la precisi\u00f3n, dedicaci\u00f3n y exigencia que requiere una elaboraci\u00f3n artesana, junto con la incorporaci\u00f3n de innovadores elementos en sus acabados, como su secci\u00f3n ergon\u00f3mica y la regulaci\u00f3n del m\u00e1stil, que las convierten en guitarras c\u00f3modas y adecuadas para los distintos niveles de guitarristas. La experiencia de m\u00e1s de 10 a\u00f1os fabricando guitarras nos ha permitido conocer las necesidades reales de los m\u00fasicos, aplicando todo este conocimiento en la nueva gama de guitarras artesanas Jos\u00e9 Torres.<\/p>","_et_gb_content_width":"","footnotes":""},"categories":[],"tags":[],"class_list":["post-1915","page","type-page","status-publish","hentry"],"aioseo_notices":[],"_links":{"self":[{"href":"https:\/\/www.josetorresguitarras.com\/it\/wp-json\/wp\/v2\/pages\/1915","targetHints":{"allow":["GET"]}}],"collection":[{"href":"https:\/\/www.josetorresguitarras.com\/it\/wp-json\/wp\/v2\/pages"}],"about":[{"href":"https:\/\/www.josetorresguitarras.com\/it\/wp-json\/wp\/v2\/types\/page"}],"author":[{"embeddable":true,"href":"https:\/\/www.josetorresguitarras.com\/it\/wp-json\/wp\/v2\/users\/3"}],"replies":[{"embeddable":true,"href":"https:\/\/www.josetorresguitarras.com\/it\/wp-json\/wp\/v2\/comments?post=1915"}],"version-history":[{"count":1,"href":"https:\/\/www.josetorresguitarras.com\/it\/wp-json\/wp\/v2\/pages\/1915\/revisions"}],"predecessor-version":[{"id":1916,"href":"https:\/\/www.josetorresguitarras.com\/it\/wp-json\/wp\/v2\/pages\/1915\/revisions\/1916"}],"wp:attachment":[{"href":"https:\/\/www.josetorresguitarras.com\/it\/wp-json\/wp\/v2\/media?parent=1915"}],"wp:term":[{"taxonomy":"category","embeddable":true,"href":"https:\/\/www.josetorresguitarras.com\/it\/wp-json\/wp\/v2\/categories?post=1915"},{"taxonomy":"post_tag","embeddable":true,"href":"https:\/\/www.josetorresguitarras.com\/it\/wp-json\/wp\/v2\/tags?post=1915"}],"curies":[{"name":"wp","href":"https:\/\/api.w.org\/{rel}","templated":true}]}}