{"id":1512,"date":"2015-10-17T12:48:30","date_gmt":"2015-10-17T11:48:30","guid":{"rendered":"http:\/\/www.josetorresguitarras.com\/?page_id=1512"},"modified":"2022-02-10T16:23:24","modified_gmt":"2022-02-10T15:23:24","slug":"jtc-50","status":"publish","type":"page","link":"https:\/\/www.josetorresguitarras.com\/it\/chitarre-classiche\/jtc-50\/","title":{"rendered":"JTC-50S"},"content":{"rendered":"\n\n\n\n[et_pb_section fb_built=&#8221;1&#8243; fullwidth=&#8221;on&#8221; custom_padding_last_edited=&#8221;on|desktop&#8221; admin_label=&#8221;section&#8221; _builder_version=&#8221;3.22&#8243; background_color=&#8221;rgba(255,255,255,0)&#8221; custom_padding_tablet=&#8221;50px|0|50px|0&#8243; custom_padding_phone=&#8221;&#8221; transparent_background=&#8221;on&#8221; padding_mobile=&#8221;off&#8221; make_fullwidth=&#8221;off&#8221; use_custom_width=&#8221;off&#8221; width_unit=&#8221;on&#8221;][et_pb_fullwidth_header title=&#8221;JTC-50&#8243; text_orientation=&#8221;center&#8221; content_max_width=&#8221;none&#8221; content_font_color=&#8221;#000000&#8243; admin_label=&#8221;T\u00edtulo de anchura completa&#8221; _builder_version=&#8221;3.16&#8243; content_text_color=&#8221;#000000&#8243; subhead_font_size=&#8221;14px&#8221; background_color=&#8221;#f9f9f9&#8243; background_layout=&#8221;light&#8221; button_one_letter_spacing_hover=&#8221;0&#8243; button_two_letter_spacing_hover=&#8221;0&#8243; button_one_text_size__hover_enabled=&#8221;off&#8221; button_two_text_size__hover_enabled=&#8221;off&#8221; button_one_text_color__hover_enabled=&#8221;off&#8221; button_two_text_color__hover_enabled=&#8221;off&#8221; button_one_border_width__hover_enabled=&#8221;off&#8221; button_two_border_width__hover_enabled=&#8221;off&#8221; button_one_border_color__hover_enabled=&#8221;off&#8221; button_two_border_color__hover_enabled=&#8221;off&#8221; button_one_border_radius__hover_enabled=&#8221;off&#8221; button_two_border_radius__hover_enabled=&#8221;off&#8221; button_one_letter_spacing__hover_enabled=&#8221;on&#8221; button_one_letter_spacing__hover=&#8221;0&#8243; button_two_letter_spacing__hover_enabled=&#8221;on&#8221; button_two_letter_spacing__hover=&#8221;0&#8243; button_one_bg_color__hover_enabled=&#8221;off&#8221; button_two_bg_color__hover_enabled=&#8221;off&#8221;][\/et_pb_fullwidth_header][\/et_pb_section][et_pb_section fb_built=&#8221;1&#8243; admin_label=&#8221;section&#8221; _builder_version=&#8221;3.22&#8243;][et_pb_row column_structure=&#8221;1_2,1_2&#8243; padding_mobile=&#8221;off&#8221; admin_label=&#8221;row&#8221; _builder_version=&#8221;3.25&#8243; background_size=&#8221;initial&#8221; background_position=&#8221;top_left&#8221; background_repeat=&#8221;repeat&#8221; custom_css_main_element=&#8221;margin-bottom: 20px;&#8221; make_fullwidth=&#8221;off&#8221; use_custom_width=&#8221;off&#8221; width_unit=&#8221;on&#8221;][et_pb_column type=&#8221;1_2&#8243; _builder_version=&#8221;3.25&#8243; custom_padding=&#8221;|||&#8221; custom_padding__hover=&#8221;|||&#8221;][et_pb_text admin_label=&#8221;Texto&#8221; module_class=&#8221;marco-jt&#8221; _builder_version=&#8221;4.5.3&#8243; background_color=&#8221;#ffffff&#8221; background_size=&#8221;initial&#8221; background_position=&#8221;top_left&#8221; background_repeat=&#8221;repeat&#8221; max_width=&#8221;700px&#8221; custom_padding=&#8221;10|10|10|10&#8243; hover_enabled=&#8221;0&#8243; custom_css_main_element=&#8221;margin: 0 auto;&#8221; use_border_color=&#8221;off&#8221; border_color=&#8221;#ffffff&#8221; border_style=&#8221;solid&#8221;]<div style=\"height: 450px; white-space: pre-wrap; -ms-overflow-y: scroll;\">\n<p><strong>JTC-50S. Rivolta a musicisti di livello medio-avanzato, questa chitarra \u00e8 progettata per offrire una suonabilit\u00e0 eccezionale.<\/strong><\/p>\n<p>La chitarra \u00e8 stata progettata per fornire un confort elevato di suonabilit\u00e0 grazie alla regolazione del \u201caction\u201d delle corde ed un manico realizzato per far scorrere la mano in modo molto agevole.<\/p>\n<p>Inoltre il Truss Rod garantisce un&#8217;agevole regolazione con un doppio effetto: da un lato riduce i problemi di curvatura della tastiera, dall&#8217;altro permette al manico di essere pi\u00f9 stretto ed ergonomico.<\/p>\n<p>Il tono \u00e8 setoso, liscio, uniforme, pulito, bassi potenti.<\/p>\n<p><strong>Garanzia totale Made In Spain.<\/strong><\/p>\n<\/div>\n[\/et_pb_text][et_pb_audio audio=&#8221;https:\/\/www.josetorresguitarras.com\/wp-content\/uploads\/2015\/09\/JTC-50.wav&#8221; title=&#8221;Ascoltala&#8221; admin_label=&#8221;Audio&#8221; module_id=&#8221;reproductor-audio&#8221; _builder_version=&#8221;3.0.87&#8243; title_font_size=&#8221;14&#8243; title_line_height=&#8221;1em&#8221; caption_font_size=&#8221;8&#8243; caption_line_height=&#8221;1em&#8221; background_size=&#8221;initial&#8221; background_position=&#8221;top_left&#8221; background_repeat=&#8221;repeat&#8221; background_layout=&#8221;light&#8221; width=&#8221;%2220%22&#8243; height=&#8221;%2220%22&#8243; custom_css_main_element=&#8221;background-image: url(https:\/\/www.josetorresguitarras.com\/wp-content\/uploads\/2015\/09\/icono-audio-30&#215;30.png);||background-repeat: no-repeat;||background-position:35% 35%; &#8221; use_border_color=&#8221;off&#8221; border_color=&#8221;#ff2323&#8243; border_style=&#8221;solid&#8221;]&nbsp;\r[\/et_pb_audio][\/et_pb_column][et_pb_column type=&#8221;1_2&#8243; _builder_version=&#8221;3.25&#8243; custom_padding=&#8221;|||&#8221; custom_padding__hover=&#8221;|||&#8221;][et_pb_image src=&#8221;https:\/\/www.josetorresguitarras.com\/wp-content\/uploads\/2022\/02\/JTC-50S-copia-1.jpg&#8221; _builder_version=&#8221;4.5.3&#8243; _module_preset=&#8221;default&#8221; title_text=&#8221;JTC-50S copia&#8221; align=&#8221;center&#8221; hover_enabled=&#8221;0&#8243;][\/et_pb_image][\/et_pb_column][\/et_pb_row][et_pb_row column_structure=&#8221;1_3,1_3,1_3&#8243; padding_mobile=&#8221;off&#8221; admin_label=&#8221;row&#8221; _builder_version=&#8221;3.25&#8243; background_color=&#8221;rgba(211,97,8,0.2)&#8221; background_size=&#8221;initial&#8221; background_position=&#8221;top_left&#8221; background_repeat=&#8221;repeat&#8221; make_fullwidth=&#8221;off&#8221; use_custom_width=&#8221;off&#8221; width_unit=&#8221;off&#8221;][et_pb_column type=&#8221;1_3&#8243; _builder_version=&#8221;3.25&#8243; custom_padding=&#8221;|||&#8221; custom_padding__hover=&#8221;|||&#8221;][et_pb_text admin_label=&#8221;Texto&#8221; _builder_version=&#8221;4.5.3&#8243; background_size=&#8221;initial&#8221; background_position=&#8221;top_left&#8221; background_repeat=&#8221;repeat&#8221; custom_padding=&#8221;|||20&#8243; hover_enabled=&#8221;0&#8243; use_border_color=&#8221;off&#8221; border_color=&#8221;#ffffff&#8221; border_style=&#8221;solid&#8221;]<p><strong>JTC-50S<\/strong><br \/> <strong>Top:<\/strong>\u00a0Abete massello<br \/> <strong>Fasce:<\/strong> Palissandro indiano<\/p>\n[\/et_pb_text][\/et_pb_column][et_pb_column type=&#8221;1_3&#8243; _builder_version=&#8221;3.25&#8243; custom_padding=&#8221;|||&#8221; custom_padding__hover=&#8221;|||&#8221;][et_pb_text admin_label=&#8221;Texto&#8221; _builder_version=&#8221;3.27.4&#8243; background_size=&#8221;initial&#8221; background_position=&#8221;top_left&#8221; background_repeat=&#8221;repeat&#8221; custom_padding=&#8221;|||20&#8243; use_border_color=&#8221;off&#8221; border_color=&#8221;#ffffff&#8221; border_style=&#8221;solid&#8221;]<strong>Fondo: <\/strong>Palissandro indiano\r\n<strong>Manico:<\/strong> Cedro\r\n<strong>Tastiera:<\/strong> Ebano\r[\/et_pb_text][\/et_pb_column][et_pb_column type=&#8221;1_3&#8243; _builder_version=&#8221;3.25&#8243; custom_padding=&#8221;|||&#8221; custom_padding__hover=&#8221;|||&#8221;][et_pb_text admin_label=&#8221;Texto&#8221; _builder_version=&#8221;4.5.3&#8243; background_size=&#8221;initial&#8221; background_position=&#8221;top_left&#8221; background_repeat=&#8221;repeat&#8221; custom_padding=&#8221;|||20&#8243; hover_enabled=&#8221;0&#8243; use_border_color=&#8221;off&#8221; border_color=&#8221;#ffffff&#8221; border_style=&#8221;solid&#8221;]<p><strong>Meccaniche:<\/strong> Dorate<br \/> <strong>Scala:<\/strong>\u00a0650 mm<br \/> <strong>Finitura:<\/strong> Lucida<\/p>\n[\/et_pb_text][\/et_pb_column][\/et_pb_row][et_pb_row padding_mobile=&#8221;off&#8221; admin_label=&#8221;row&#8221; _builder_version=&#8221;3.25&#8243; background_size=&#8221;initial&#8221; background_position=&#8221;top_left&#8221; background_repeat=&#8221;repeat&#8221; make_fullwidth=&#8221;off&#8221; use_custom_width=&#8221;off&#8221; width_unit=&#8221;on&#8221;][et_pb_column type=&#8221;4_4&#8243; _builder_version=&#8221;3.25&#8243; custom_padding=&#8221;20|||&#8221; custom_padding__hover=&#8221;|||&#8221;][et_pb_text admin_label=&#8221;Texto&#8221; _builder_version=&#8221;3.27.4&#8243; background_size=&#8221;initial&#8221; background_position=&#8221;top_left&#8221; background_repeat=&#8221;repeat&#8221; use_border_color=&#8221;off&#8221; border_color=&#8221;#ffffff&#8221; border_style=&#8221;solid&#8221;]<script>\n    jQuery(document).ready(function() {\n        var opt = {};\nopt['source'] = 'image:956';opt['contentoption'] = '';opt['contentlink'] = '';opt['contenttitle'] = '';opt['contentexcerptrm'] = '';opt['contenttemplate'] = '';opt['superids'] = '';opt['visible'] = 4;opt['itemWidth'] = 100;opt['itemHeight'] = '';opt['mobileVisible'] = 1;opt['mobileWidth'] = 480;opt['tabletVisible'] = 2;opt['tabletWidth'] = 768;opt['direction'] = 'left';opt['effect'] = 'slide';opt['easing'] = 'swing';opt['easingTime'] = 1000;opt['step'] = 0;opt['auto'] = '';opt['pauseTime'] = 2000;opt['pauseOver'] = '';opt['autoHeight'] = 1;opt['slideGap'] = 4;opt['nextPrev'] = 1;opt['paging'] = '';opt['circular'] = 1;opt['mouseWheel'] = 1;opt['swipe'] = '';opt['keys'] = '';opt['superrandom'] = '';opt['smallbut'] = 1;opt['navpadding'] = 1;opt['navstyle'] = 'style3-white';opt['customclass'] = '';opt['autoscroll'] = 1;opt['scrollspeed'] = 0.25;opt['superhidden'] = '';opt['mobileItemWidth'] = '';opt['mobileItemHeight'] = '';opt['tabletItemWidth'] = '';opt['tabletItemHeight'] = '';opt['next'] = '#next830718';opt['prev'] = '#prev830718';opt['type'] = 'image';        opt.onload = function($$) {\n            var rd = 830718;\n            var tot = $$.find('>div').length \/ 3;\n            $$.find('>div:lt(' + (tot) + ') a.superlight').attr('class', 'blk superlightx'+rd);\n            $$.find('>div:gt(' + ((tot * 2) - 1) + ') a.superlight').attr('class', 'blk superlighty'+rd);\n            \n            $$.find('>div a.superlight').attr('class', 'blk superlight'+rd);\n\n            jQuery('#supercrsl830718').lightGallery({'selector': '.superlight'+rd});\n            jQuery('#supercrsl830718').lightGallery({'selector': '.superlightx'+rd});\n            jQuery('#supercrsl830718').lightGallery({'selector': '.superlighty'+rd});\n\n            if (scarousel830718) {\n                scarousel830718.resetSwipe();\n            }\n        }\n        if (jQuery(\"#supercarousel830718\").find(\">div\").length == 0) {\n            jQuery(\"#supercrsl830718\").hide();\n            return;\n        }\n        jQuery().framerate();\n        var scarousel830718 = jQuery(\"#supercarousel830718\").supercarousel(opt);\n    });\n<\/script>\n<div id=\"supercrsl830718\" class=\"supercrsl pdgwnav\">\n    <div class=\"supercarousel\" id=\"supercarousel830718\">\n                    <div>\n                <a href=\"http:\/\/www.josetorresguitarras.com\/wp-content\/uploads\/2015\/09\/detalle-jtc-50-1.jpg\" data-src=\"http:\/\/www.josetorresguitarras.com\/wp-content\/uploads\/2015\/09\/detalle-jtc-50-1.jpg\" class=\"blk superlight\"><img decoding=\"async\" alt=\"\" class=\"imgslide\" src=\"http:\/\/www.josetorresguitarras.com\/wp-content\/uploads\/2015\/09\/detalle-jtc-50-1.jpg\" \/><\/a>            <\/div>\n                        <div>\n                <a href=\"http:\/\/www.josetorresguitarras.com\/wp-content\/uploads\/2015\/09\/detalle-jtc-50-2.jpg\" data-src=\"http:\/\/www.josetorresguitarras.com\/wp-content\/uploads\/2015\/09\/detalle-jtc-50-2.jpg\" class=\"blk superlight\"><img decoding=\"async\" alt=\"\" class=\"imgslide\" src=\"http:\/\/www.josetorresguitarras.com\/wp-content\/uploads\/2015\/09\/detalle-jtc-50-2.jpg\" \/><\/a>            <\/div>\n                        <div>\n                <a href=\"http:\/\/www.josetorresguitarras.com\/wp-content\/uploads\/2015\/09\/detalle-jtc-50-3.jpg\" data-src=\"http:\/\/www.josetorresguitarras.com\/wp-content\/uploads\/2015\/09\/detalle-jtc-50-3.jpg\" class=\"blk superlight\"><img decoding=\"async\" alt=\"\" class=\"imgslide\" src=\"http:\/\/www.josetorresguitarras.com\/wp-content\/uploads\/2015\/09\/detalle-jtc-50-3.jpg\" \/><\/a>            <\/div>\n                        <div>\n                <a href=\"http:\/\/www.josetorresguitarras.com\/wp-content\/uploads\/2015\/09\/detalle-jtc-50-4.jpg\" data-src=\"http:\/\/www.josetorresguitarras.com\/wp-content\/uploads\/2015\/09\/detalle-jtc-50-4.jpg\" class=\"blk superlight\"><img decoding=\"async\" alt=\"\" class=\"imgslide\" src=\"http:\/\/www.josetorresguitarras.com\/wp-content\/uploads\/2015\/09\/detalle-jtc-50-4.jpg\" \/><\/a>            <\/div>\n                <\/div><div class=\"clear\"><\/div>\n            <a class=\"prev small superprev style3-white\" id=\"prev830718\" href=\"#\"><span>prev<\/span><\/a>\n        <a class=\"next small supernext style3-white\" id=\"next830718\" href=\"#\"><span>next<\/span><\/a>\n            <div class=\"pagination\" id=\"pag830718\"><\/div>\n<\/div>\r[\/et_pb_text][\/et_pb_column][\/et_pb_row][\/et_pb_section][et_pb_section fb_built=&#8221;1&#8243; fullwidth=&#8221;on&#8221; admin_label=&#8221;section&#8221; _builder_version=&#8221;3.22&#8243;][et_pb_fullwidth_image src=&#8221;https:\/\/www.josetorresguitarras.com\/wp-content\/uploads\/2015\/07\/footer1-recortada1.jpeg&#8221; admin_label=&#8221;Imagen de anchura completa&#8221; _builder_version=&#8221;3.0.87&#8243; custom_margin=&#8221;||-13px|&#8221; animation_style=&#8221;fade&#8221; animation_duration=&#8221;500ms&#8221; use_border_color=&#8221;off&#8221; border_color=&#8221;#ffffff&#8221; border_style=&#8221;solid&#8221; animation=&#8221;fade_in&#8221;][\/et_pb_fullwidth_image][\/et_pb_section]\n\n\n\n","protected":false},"excerpt":{"rendered":"<p>JTC-50S. Rivolta a musicisti di livello medio-avanzato, questa chitarra \u00e8 progettata per offrire una suonabilit\u00e0 eccezionale. La chitarra \u00e8 stata progettata per fornire un confort elevato di suonabilit\u00e0 grazie alla regolazione del \u201caction\u201d delle corde ed un manico realizzato per far scorrere la mano in modo molto agevole. Inoltre il Truss Rod garantisce un&#8217;agevole regolazione [&hellip;]<\/p>\n","protected":false},"author":3,"featured_media":3447,"parent":1505,"menu_order":112,"comment_status":"open","ping_status":"closed","template":"","meta":{"_et_pb_use_builder":"on","_et_pb_old_content":"","_et_gb_content_width":"","footnotes":""},"categories":[1,74],"tags":[111,129,115,113],"class_list":["post-1512","page","type-page","status-publish","has-post-thumbnail","hentry","category-uncategorized","category-uncategorized-it","tag-chitarra-classica","tag-chitarra-economica","tag-chitarra-spagnola","tag-jose-torres"],"aioseo_notices":[],"_links":{"self":[{"href":"https:\/\/www.josetorresguitarras.com\/it\/wp-json\/wp\/v2\/pages\/1512","targetHints":{"allow":["GET"]}}],"collection":[{"href":"https:\/\/www.josetorresguitarras.com\/it\/wp-json\/wp\/v2\/pages"}],"about":[{"href":"https:\/\/www.josetorresguitarras.com\/it\/wp-json\/wp\/v2\/types\/page"}],"author":[{"embeddable":true,"href":"https:\/\/www.josetorresguitarras.com\/it\/wp-json\/wp\/v2\/users\/3"}],"replies":[{"embeddable":true,"href":"https:\/\/www.josetorresguitarras.com\/it\/wp-json\/wp\/v2\/comments?post=1512"}],"version-history":[{"count":10,"href":"https:\/\/www.josetorresguitarras.com\/it\/wp-json\/wp\/v2\/pages\/1512\/revisions"}],"predecessor-version":[{"id":3448,"href":"https:\/\/www.josetorresguitarras.com\/it\/wp-json\/wp\/v2\/pages\/1512\/revisions\/3448"}],"up":[{"embeddable":true,"href":"https:\/\/www.josetorresguitarras.com\/it\/wp-json\/wp\/v2\/pages\/1505"}],"wp:featuredmedia":[{"embeddable":true,"href":"https:\/\/www.josetorresguitarras.com\/it\/wp-json\/wp\/v2\/media\/3447"}],"wp:attachment":[{"href":"https:\/\/www.josetorresguitarras.com\/it\/wp-json\/wp\/v2\/media?parent=1512"}],"wp:term":[{"taxonomy":"category","embeddable":true,"href":"https:\/\/www.josetorresguitarras.com\/it\/wp-json\/wp\/v2\/categories?post=1512"},{"taxonomy":"post_tag","embeddable":true,"href":"https:\/\/www.josetorresguitarras.com\/it\/wp-json\/wp\/v2\/tags?post=1512"}],"curies":[{"name":"wp","href":"https:\/\/api.w.org\/{rel}","templated":true}]}}