{"id":1507,"date":"2015-10-17T12:55:10","date_gmt":"2015-10-17T11:55:10","guid":{"rendered":"http:\/\/www.josetorresguitarras.com\/?page_id=1507"},"modified":"2021-08-27T09:20:18","modified_gmt":"2021-08-27T08:20:18","slug":"jtc-100","status":"publish","type":"page","link":"https:\/\/www.josetorresguitarras.com\/it\/chitarre-classiche\/jtc-100\/","title":{"rendered":"JTC-100"},"content":{"rendered":"<p>[et_pb_section fb_built=&#8221;1&#8243; fullwidth=&#8221;on&#8221; custom_padding_last_edited=&#8221;on|desktop&#8221; admin_label=&#8221;section&#8221; _builder_version=&#8221;3.22&#8243; background_color=&#8221;rgba(255,255,255,0)&#8221; custom_padding_tablet=&#8221;50px|0|50px|0&#8243; transparent_background=&#8221;on&#8221; padding_mobile=&#8221;off&#8221; make_fullwidth=&#8221;off&#8221; use_custom_width=&#8221;off&#8221; width_unit=&#8221;on&#8221;][et_pb_fullwidth_header title=&#8221;JTC-100&#8243; text_orientation=&#8221;center&#8221; content_max_width=&#8221;none&#8221; content_font_color=&#8221;#000000&#8243; admin_label=&#8221;T\u00edtulo de anchura completa&#8221; _builder_version=&#8221;3.16&#8243; content_text_color=&#8221;#000000&#8243; subhead_font_size=&#8221;14px&#8221; background_color=&#8221;#f9f9f9&#8243; background_layout=&#8221;light&#8221; button_one_letter_spacing_hover=&#8221;0&#8243; button_two_letter_spacing_hover=&#8221;0&#8243; button_one_text_size__hover_enabled=&#8221;off&#8221; button_two_text_size__hover_enabled=&#8221;off&#8221; button_one_text_color__hover_enabled=&#8221;off&#8221; button_two_text_color__hover_enabled=&#8221;off&#8221; button_one_border_width__hover_enabled=&#8221;off&#8221; button_two_border_width__hover_enabled=&#8221;off&#8221; button_one_border_color__hover_enabled=&#8221;off&#8221; button_two_border_color__hover_enabled=&#8221;off&#8221; button_one_border_radius__hover_enabled=&#8221;off&#8221; button_two_border_radius__hover_enabled=&#8221;off&#8221; button_one_letter_spacing__hover_enabled=&#8221;on&#8221; button_one_letter_spacing__hover=&#8221;0&#8243; button_two_letter_spacing__hover_enabled=&#8221;on&#8221; button_two_letter_spacing__hover=&#8221;0&#8243; button_one_bg_color__hover_enabled=&#8221;off&#8221; button_two_bg_color__hover_enabled=&#8221;off&#8221;][\/et_pb_fullwidth_header][\/et_pb_section][et_pb_section fb_built=&#8221;1&#8243; admin_label=&#8221;section&#8221; _builder_version=&#8221;3.22&#8243;][et_pb_row padding_mobile=&#8221;off&#8221; admin_label=&#8221;row&#8221; _builder_version=&#8221;3.25&#8243; background_size=&#8221;initial&#8221; background_position=&#8221;top_left&#8221; background_repeat=&#8221;repeat&#8221; custom_css_main_element=&#8221;margin-bottom: 20px;&#8221; make_fullwidth=&#8221;off&#8221; use_custom_width=&#8221;off&#8221; width_unit=&#8221;on&#8221; column_structure=&#8221;1_2,1_2&#8243;][et_pb_column type=&#8221;1_2&#8243; _builder_version=&#8221;3.25&#8243; custom_padding=&#8221;|||&#8221; custom_padding__hover=&#8221;|||&#8221;][et_pb_text admin_label=&#8221;Texto&#8221; module_class=&#8221;marco-jt&#8221; _builder_version=&#8221;3.27.4&#8243; background_color=&#8221;#ffffff&#8221; background_size=&#8221;initial&#8221; background_position=&#8221;top_left&#8221; background_repeat=&#8221;repeat&#8221; max_width=&#8221;700px&#8221; custom_padding=&#8221;10|10|10|10&#8243; custom_css_main_element=&#8221;margin: 0 auto;&#8221; use_border_color=&#8221;off&#8221; border_color=&#8221;#ffffff&#8221; border_style=&#8221;solid&#8221;]<\/p>\n<div style=\"height: 450px;\">\n<p style=\"white-space: pre-wrap;\"><strong>JTC-100. Eleganza e comodit\u00e0.<\/strong><\/p>\n<p style=\"white-space: pre-wrap;\">\n<p style=\"white-space: pre-wrap;\">Questo modello, TOP di gamma, dispoonde di\u00a0finiture sofisticate, ed \u00e8 costruito in pregiato legno di cocobolo su fondo e fasce.<\/p>\n<p style=\"white-space: pre-wrap;\"><span style=\"font-size: 14px;\"><\/span><\/p>\n<p style=\"white-space: pre-wrap;\"><span style=\"font-size: 14px;\">Il suono si contraddistingue per le tonalit\u00e0 di basso profonde e per alti cristallini.<\/span><\/p>\n<p>&nbsp;<\/p>\n<p>La risposta di esecuzione della chitarra \u00e8 rapida, mentre il comfort e la qualit\u00e0 di suonabilit\u00e0 sono straordinarie, grazie al design e alla finitura del manico e alla regolazione del capotasto che offre un&#8217;altezza della corda ottimale.<\/p>\n<p><strong><\/strong><\/p>\n<p><strong>Garanzia totale di un prodotto Made in\u00a0Spain.<\/strong><\/p>\n<\/div>\n<p>[\/et_pb_text][et_pb_audio audio=&#8221;https:\/\/www.josetorresguitarras.com\/wp-content\/uploads\/2015\/09\/JTC-100.wav&#8221; title=&#8221;Ascoltala&#8221; admin_label=&#8221;Audio&#8221; module_id=&#8221;reproductor-audio&#8221; _builder_version=&#8221;3.0.87&#8243; title_font_size=&#8221;14&#8243; title_line_height=&#8221;1em&#8221; caption_font_size=&#8221;8&#8243; caption_line_height=&#8221;1em&#8221; background_size=&#8221;initial&#8221; background_position=&#8221;top_left&#8221; background_repeat=&#8221;repeat&#8221; background_layout=&#8221;light&#8221; width=&#8221;%2220%22&#8243; height=&#8221;%2220%22&#8243; custom_css_main_element=&#8221;background-image: url(https:\/\/www.josetorresguitarras.com\/wp-content\/uploads\/2015\/09\/icono-audio-30&#215;30.png);||background-repeat: no-repeat;||background-position:35% 35%; &#8221; use_border_color=&#8221;off&#8221; border_color=&#8221;#ff2323&#8243; border_style=&#8221;solid&#8221;]&nbsp;<br \/>\n[\/et_pb_audio][\/et_pb_column][et_pb_column type=&#8221;1_2&#8243; _builder_version=&#8221;3.25&#8243; custom_padding=&#8221;|||&#8221; custom_padding__hover=&#8221;|||&#8221;][et_pb_text admin_label=&#8221;Texto&#8221; _builder_version=&#8221;3.27.4&#8243; background_size=&#8221;initial&#8221; background_position=&#8221;top_left&#8221; background_repeat=&#8221;repeat&#8221; use_border_color=&#8221;off&#8221; border_color=&#8221;#ffffff&#8221; border_style=&#8221;solid&#8221;]\n<!-- 360 Product Rotation Plugin v.1.5.8 by www.yofla.com  Begin -->\n<iframe loading=\"lazy\"\n            name=\"3drt-yofla360_360_jtc-100\"\n            id=\"3drt-yofla360_360_jtc-100\"\n            width=\"480\"\n            height=\"700\"\n            src=\"https:\/\/www.josetorresguitarras.com\/wp-content\/plugins\/360-product-rotation\/includes\/iframe.php?src=%2F360%2Fjtc-100&product_name=360+Product+View&ga_label=360+%40+%2F360%2Fjtc-100&ga_category=YOFLA_360&ga_tracking_id=0\"\n            marginheight=\"0\"\n            marginwidth=\"0\"\n            scrolling=\"no\"\n            class=\"yofla_360_iframe\"\n            allowfullscreen\n            style=\"\u201dborder:\"\n            ><\/iframe>\n<!-- 360 Product Rotation Plugin v.1.5.8 by www.yofla.com  End -->\n<br \/>\n[\/et_pb_text][\/et_pb_column][\/et_pb_row][et_pb_row padding_mobile=&#8221;off&#8221; admin_label=&#8221;row&#8221; _builder_version=&#8221;3.25&#8243; background_color=&#8221;rgba(211,97,8,0.2)&#8221; background_size=&#8221;initial&#8221; background_position=&#8221;top_left&#8221; background_repeat=&#8221;repeat&#8221; make_fullwidth=&#8221;off&#8221; use_custom_width=&#8221;off&#8221; width_unit=&#8221;off&#8221; column_structure=&#8221;1_3,1_3,1_3&#8243;][et_pb_column type=&#8221;1_3&#8243; _builder_version=&#8221;3.25&#8243; custom_padding=&#8221;|||&#8221; custom_padding__hover=&#8221;|||&#8221;][et_pb_text admin_label=&#8221;Texto&#8221; _builder_version=&#8221;3.27.4&#8243; background_size=&#8221;initial&#8221; background_position=&#8221;top_left&#8221; background_repeat=&#8221;repeat&#8221; custom_padding=&#8221;|||20&#8243; use_border_color=&#8221;off&#8221; border_color=&#8221;#ffffff&#8221; border_style=&#8221;solid&#8221;]<strong>JTC-100<\/strong><br \/>\n<strong>Top:<\/strong> Cedro massello<br \/>\n<strong>Fasce:<\/strong> Cocobolo<br \/>\n[\/et_pb_text][\/et_pb_column][et_pb_column type=&#8221;1_3&#8243; _builder_version=&#8221;3.25&#8243; custom_padding=&#8221;|||&#8221; custom_padding__hover=&#8221;|||&#8221;][et_pb_text admin_label=&#8221;Texto&#8221; _builder_version=&#8221;3.27.4&#8243; background_size=&#8221;initial&#8221; background_position=&#8221;top_left&#8221; background_repeat=&#8221;repeat&#8221; custom_padding=&#8221;|||20&#8243; use_border_color=&#8221;off&#8221; border_color=&#8221;#ffffff&#8221; border_style=&#8221;solid&#8221;]<\/p>\n<p class=\"p1\"><strong>Fondo:<\/strong> Cocobolo<br \/>\n<strong>Manico:<\/strong> Cedro<br \/>\n<strong>Tastiera:<\/strong> Ebano<\/p>\n<p>[\/et_pb_text][\/et_pb_column][et_pb_column type=&#8221;1_3&#8243; _builder_version=&#8221;3.25&#8243; custom_padding=&#8221;|||&#8221; custom_padding__hover=&#8221;|||&#8221;][et_pb_text admin_label=&#8221;Texto&#8221; _builder_version=&#8221;3.27.4&#8243; background_size=&#8221;initial&#8221; background_position=&#8221;top_left&#8221; background_repeat=&#8221;repeat&#8221; custom_padding=&#8221;|||20&#8243; use_border_color=&#8221;off&#8221; border_color=&#8221;#ffffff&#8221; border_style=&#8221;solid&#8221;]<\/p>\n<p class=\"p1\"><strong>Meccaniche:<\/strong> dorate<br \/>\n<strong>Elettronica:<\/strong> &#8211;<br \/>\n<strong>Finitura:<\/strong> Lucida<\/p>\n<p>[\/et_pb_text][\/et_pb_column][\/et_pb_row][et_pb_row padding_mobile=&#8221;off&#8221; admin_label=&#8221;row&#8221; _builder_version=&#8221;3.25&#8243; background_size=&#8221;initial&#8221; background_position=&#8221;top_left&#8221; background_repeat=&#8221;repeat&#8221; make_fullwidth=&#8221;off&#8221; use_custom_width=&#8221;off&#8221; width_unit=&#8221;on&#8221;][et_pb_column type=&#8221;4_4&#8243; _builder_version=&#8221;3.25&#8243; custom_padding=&#8221;20|||&#8221; custom_padding__hover=&#8221;|||&#8221;][et_pb_text admin_label=&#8221;Texto&#8221; _builder_version=&#8221;3.27.4&#8243; background_size=&#8221;initial&#8221; background_position=&#8221;top_left&#8221; background_repeat=&#8221;repeat&#8221; use_border_color=&#8221;off&#8221; border_color=&#8221;#ffffff&#8221; border_style=&#8221;solid&#8221;]<script>\n    jQuery(document).ready(function() {\n        var opt = {};\nopt['source'] = 'image:992';opt['contentoption'] = '';opt['contentlink'] = '';opt['contenttitle'] = '';opt['contentexcerptrm'] = '';opt['contenttemplate'] = '';opt['superids'] = '';opt['visible'] = 4;opt['itemWidth'] = 100;opt['itemHeight'] = '';opt['mobileVisible'] = 1;opt['mobileWidth'] = 480;opt['tabletVisible'] = 2;opt['tabletWidth'] = 768;opt['direction'] = 'left';opt['effect'] = 'slide';opt['easing'] = 'swing';opt['easingTime'] = 1000;opt['step'] = 0;opt['auto'] = '';opt['pauseTime'] = 2000;opt['pauseOver'] = '';opt['autoHeight'] = 1;opt['slideGap'] = 4;opt['nextPrev'] = 1;opt['paging'] = '';opt['circular'] = 1;opt['mouseWheel'] = 1;opt['swipe'] = '';opt['keys'] = '';opt['superrandom'] = '';opt['smallbut'] = 1;opt['navpadding'] = 1;opt['navstyle'] = 'style3-white';opt['customclass'] = '';opt['autoscroll'] = 1;opt['scrollspeed'] = 0.25;opt['superhidden'] = '';opt['mobileItemWidth'] = '';opt['mobileItemHeight'] = '';opt['tabletItemWidth'] = '';opt['tabletItemHeight'] = '';opt['next'] = '#next755249';opt['prev'] = '#prev755249';opt['type'] = 'image';        opt.onload = function($$) {\n            var rd = 755249;\n            var tot = $$.find('>div').length \/ 3;\n            $$.find('>div:lt(' + (tot) + ') a.superlight').attr('class', 'blk superlightx'+rd);\n            $$.find('>div:gt(' + ((tot * 2) - 1) + ') a.superlight').attr('class', 'blk superlighty'+rd);\n            \n            $$.find('>div a.superlight').attr('class', 'blk superlight'+rd);\n\n            jQuery('#supercrsl755249').lightGallery({'selector': '.superlight'+rd});\n            jQuery('#supercrsl755249').lightGallery({'selector': '.superlightx'+rd});\n            jQuery('#supercrsl755249').lightGallery({'selector': '.superlighty'+rd});\n\n            if (scarousel755249) {\n                scarousel755249.resetSwipe();\n            }\n        }\n        if (jQuery(\"#supercarousel755249\").find(\">div\").length == 0) {\n            jQuery(\"#supercrsl755249\").hide();\n            return;\n        }\n        jQuery().framerate();\n        var scarousel755249 = jQuery(\"#supercarousel755249\").supercarousel(opt);\n    });\n<\/script>\n<div id=\"supercrsl755249\" class=\"supercrsl pdgwnav\">\n    <div class=\"supercarousel\" id=\"supercarousel755249\">\n                    <div>\n                <a href=\"https:\/\/www.josetorresguitarras.com\/wp-content\/uploads\/2022\/01\/JTC-100-PALA-1.png\" data-src=\"https:\/\/www.josetorresguitarras.com\/wp-content\/uploads\/2022\/01\/JTC-100-PALA-1.png\" class=\"blk superlight\"><img decoding=\"async\" alt=\"\" class=\"imgslide\" src=\"http:\/\/www.josetorresguitarras.com\/wp-content\/uploads\/2015\/09\/detalle-jtc-100-1.jpg\" \/><\/a>            <\/div>\n                        <div>\n                <a href=\"http:\/\/www.josetorresguitarras.com\/wp-content\/uploads\/2015\/09\/detalle-jtc-100-2.jpg\" data-src=\"http:\/\/www.josetorresguitarras.com\/wp-content\/uploads\/2015\/09\/detalle-jtc-100-2.jpg\" class=\"blk superlight\"><img decoding=\"async\" alt=\"\" class=\"imgslide\" src=\"http:\/\/www.josetorresguitarras.com\/wp-content\/uploads\/2015\/09\/detalle-jtc-100-2.jpg\" \/><\/a>            <\/div>\n                        <div>\n                <a href=\"http:\/\/www.josetorresguitarras.com\/wp-content\/uploads\/2015\/09\/detalle-jtc-100-3.jpg\" data-src=\"http:\/\/www.josetorresguitarras.com\/wp-content\/uploads\/2015\/09\/detalle-jtc-100-3.jpg\" class=\"blk superlight\"><img decoding=\"async\" alt=\"\" class=\"imgslide\" src=\"http:\/\/www.josetorresguitarras.com\/wp-content\/uploads\/2015\/09\/detalle-jtc-100-3.jpg\" \/><\/a>            <\/div>\n                        <div>\n                <a href=\"http:\/\/www.josetorresguitarras.com\/wp-content\/uploads\/2015\/09\/detalle-jtc-100-4.jpg\" data-src=\"http:\/\/www.josetorresguitarras.com\/wp-content\/uploads\/2015\/09\/detalle-jtc-100-4.jpg\" class=\"blk superlight\"><img decoding=\"async\" alt=\"\" class=\"imgslide\" src=\"http:\/\/www.josetorresguitarras.com\/wp-content\/uploads\/2015\/09\/detalle-jtc-100-4.jpg\" \/><\/a>            <\/div>\n                        <div>\n                <img decoding=\"async\" alt=\"\" class=\"imgslide\" src=\"https:\/\/www.josetorresguitarras.com\/wp-content\/uploads\/2022\/01\/JTC-100-PALA-2.png\" \/>            <\/div>\n                <\/div><div class=\"clear\"><\/div>\n            <a class=\"prev small superprev style3-white\" id=\"prev755249\" href=\"#\"><span>prev<\/span><\/a>\n        <a class=\"next small supernext style3-white\" id=\"next755249\" href=\"#\"><span>next<\/span><\/a>\n            <div class=\"pagination\" id=\"pag755249\"><\/div>\n<\/div><br \/>\n[\/et_pb_text][\/et_pb_column][\/et_pb_row][\/et_pb_section][et_pb_section fb_built=&#8221;1&#8243; fullwidth=&#8221;on&#8221; admin_label=&#8221;section&#8221; _builder_version=&#8221;3.22&#8243;][et_pb_fullwidth_image src=&#8221;https:\/\/www.josetorresguitarras.com\/wp-content\/uploads\/2015\/07\/footer1-recortada1.jpeg&#8221; admin_label=&#8221;Imagen de anchura completa&#8221; _builder_version=&#8221;3.0.87&#8243; custom_margin=&#8221;||-13px|&#8221; animation_style=&#8221;fade&#8221; animation_duration=&#8221;500ms&#8221; use_border_color=&#8221;off&#8221; border_color=&#8221;#ffffff&#8221; border_style=&#8221;solid&#8221; animation=&#8221;fade_in&#8221;][\/et_pb_fullwidth_image][\/et_pb_section]<\/p>\n","protected":false},"excerpt":{"rendered":"<p>JTC-100. Eleganza e comodit\u00e0. Questo modello, TOP di gamma, dispoonde di\u00a0finiture sofisticate, ed \u00e8 costruito in pregiato legno di cocobolo su fondo e fasce. Il suono si contraddistingue per le tonalit\u00e0 di basso profonde e per alti cristallini. &nbsp; La risposta di esecuzione della chitarra \u00e8 rapida, mentre il comfort e la qualit\u00e0 di suonabilit\u00e0 [&hellip;]<\/p>\n","protected":false},"author":3,"featured_media":2025,"parent":1505,"menu_order":122,"comment_status":"open","ping_status":"closed","template":"","meta":{"_et_pb_use_builder":"on","_et_pb_old_content":"","_et_gb_content_width":"","footnotes":""},"categories":[74],"tags":[],"class_list":["post-1507","page","type-page","status-publish","has-post-thumbnail","hentry","category-uncategorized-it"],"aioseo_notices":[],"_links":{"self":[{"href":"https:\/\/www.josetorresguitarras.com\/it\/wp-json\/wp\/v2\/pages\/1507","targetHints":{"allow":["GET"]}}],"collection":[{"href":"https:\/\/www.josetorresguitarras.com\/it\/wp-json\/wp\/v2\/pages"}],"about":[{"href":"https:\/\/www.josetorresguitarras.com\/it\/wp-json\/wp\/v2\/types\/page"}],"author":[{"embeddable":true,"href":"https:\/\/www.josetorresguitarras.com\/it\/wp-json\/wp\/v2\/users\/3"}],"replies":[{"embeddable":true,"href":"https:\/\/www.josetorresguitarras.com\/it\/wp-json\/wp\/v2\/comments?post=1507"}],"version-history":[{"count":7,"href":"https:\/\/www.josetorresguitarras.com\/it\/wp-json\/wp\/v2\/pages\/1507\/revisions"}],"predecessor-version":[{"id":2834,"href":"https:\/\/www.josetorresguitarras.com\/it\/wp-json\/wp\/v2\/pages\/1507\/revisions\/2834"}],"up":[{"embeddable":true,"href":"https:\/\/www.josetorresguitarras.com\/it\/wp-json\/wp\/v2\/pages\/1505"}],"wp:featuredmedia":[{"embeddable":true,"href":"https:\/\/www.josetorresguitarras.com\/it\/wp-json\/wp\/v2\/media\/2025"}],"wp:attachment":[{"href":"https:\/\/www.josetorresguitarras.com\/it\/wp-json\/wp\/v2\/media?parent=1507"}],"wp:term":[{"taxonomy":"category","embeddable":true,"href":"https:\/\/www.josetorresguitarras.com\/it\/wp-json\/wp\/v2\/categories?post=1507"},{"taxonomy":"post_tag","embeddable":true,"href":"https:\/\/www.josetorresguitarras.com\/it\/wp-json\/wp\/v2\/tags?post=1507"}],"curies":[{"name":"wp","href":"https:\/\/api.w.org\/{rel}","templated":true}]}}