{"id":2412,"date":"2015-08-18T18:51:51","date_gmt":"2015-08-18T17:51:51","guid":{"rendered":"http:\/\/www.josetorresguitarras.com\/?page_id=2412"},"modified":"2017-01-03T10:10:29","modified_gmt":"2017-01-03T09:10:29","slug":"jtf-30","status":"publish","type":"page","link":"https:\/\/www.josetorresguitarras.com\/fr\/guitarras-flamencas\/jtf-30\/","title":{"rendered":"JTF-30"},"content":{"rendered":"<p>[et_pb_section admin_label=\u00a0\u00bbsection\u00a0\u00bb fullwidth=\u00a0\u00bbon\u00a0\u00bb specialty=\u00a0\u00bboff\u00a0\u00bb transparent_background=\u00a0\u00bbon\u00a0\u00bb background_color=\u00a0\u00bb#dbc2b6&Prime; allow_player_pause=\u00a0\u00bboff\u00a0\u00bb inner_shadow=\u00a0\u00bboff\u00a0\u00bb parallax=\u00a0\u00bboff\u00a0\u00bb parallax_method=\u00a0\u00bboff\u00a0\u00bb padding_mobile=\u00a0\u00bboff\u00a0\u00bb make_fullwidth=\u00a0\u00bboff\u00a0\u00bb use_custom_width=\u00a0\u00bboff\u00a0\u00bb width_unit=\u00a0\u00bbon\u00a0\u00bb make_equal=\u00a0\u00bboff\u00a0\u00bb use_custom_gutter=\u00a0\u00bboff\u00a0\u00bb][et_pb_fullwidth_header admin_label=\u00a0\u00bbT\u00edtulo de anchura completa\u00a0\u00bb title=\u00a0\u00bbJTF-30&Prime; background_layout=\u00a0\u00bblight\u00a0\u00bb text_orientation=\u00a0\u00bbcenter\u00a0\u00bb header_fullscreen=\u00a0\u00bboff\u00a0\u00bb header_scroll_down=\u00a0\u00bboff\u00a0\u00bb parallax=\u00a0\u00bboff\u00a0\u00bb parallax_method=\u00a0\u00bboff\u00a0\u00bb content_orientation=\u00a0\u00bbcenter\u00a0\u00bb image_orientation=\u00a0\u00bbcenter\u00a0\u00bb custom_button_one=\u00a0\u00bboff\u00a0\u00bb button_one_letter_spacing=\u00a0\u00bb0&Prime; button_one_use_icon=\u00a0\u00bbdefault\u00a0\u00bb button_one_icon_placement=\u00a0\u00bbright\u00a0\u00bb button_one_on_hover=\u00a0\u00bbon\u00a0\u00bb button_one_letter_spacing_hover=\u00a0\u00bb0&Prime; custom_button_two=\u00a0\u00bboff\u00a0\u00bb button_two_letter_spacing=\u00a0\u00bb0&Prime; button_two_use_icon=\u00a0\u00bbdefault\u00a0\u00bb button_two_icon_placement=\u00a0\u00bbright\u00a0\u00bb button_two_on_hover=\u00a0\u00bbon\u00a0\u00bb button_two_letter_spacing_hover=\u00a0\u00bb0&Prime; background_color=\u00a0\u00bb#f9f9f9&Prime; scroll_down_icon_size=\u00a0\u00bb24px\u00a0\u00bb subhead_font_size=\u00a0\u00bb14px\u00a0\u00bb content_font_color=\u00a0\u00bb#000000&Prime;]<\/p>\n<p>[\/et_pb_fullwidth_header][\/et_pb_section][et_pb_section admin_label=\u00a0\u00bbsection\u00a0\u00bb][et_pb_row admin_label=\u00a0\u00bbrow\u00a0\u00bb make_fullwidth=\u00a0\u00bboff\u00a0\u00bb use_custom_width=\u00a0\u00bboff\u00a0\u00bb width_unit=\u00a0\u00bbon\u00a0\u00bb use_custom_gutter=\u00a0\u00bboff\u00a0\u00bb padding_mobile=\u00a0\u00bboff\u00a0\u00bb allow_player_pause=\u00a0\u00bboff\u00a0\u00bb parallax=\u00a0\u00bboff\u00a0\u00bb parallax_method=\u00a0\u00bboff\u00a0\u00bb make_equal=\u00a0\u00bboff\u00a0\u00bb custom_css_main_element=\u00a0\u00bbmargin-bottom: 20px;\u00a0\u00bb][et_pb_column type=\u00a0\u00bb1_2&Prime;][et_pb_text admin_label=\u00a0\u00bbTexto\u00a0\u00bb background_layout=\u00a0\u00bblight\u00a0\u00bb text_orientation=\u00a0\u00bbleft\u00a0\u00bb use_border_color=\u00a0\u00bboff\u00a0\u00bb border_color=\u00a0\u00bb#ffffff\u00a0\u00bb border_style=\u00a0\u00bbsolid\u00a0\u00bb background_color=\u00a0\u00bb#ffffff\u00a0\u00bb custom_padding=\u00a0\u00bb10|10|10|10&Prime; max_width=\u00a0\u00bb700px\u00a0\u00bb module_class=\u00a0\u00bbmarco-jt\u00a0\u00bb custom_css_main_element=\u00a0\u00bbmargin: 0 auto;\u00a0\u00bb]<\/p>\n<div style=\"height: 450px; white-space: pre-wrap; -ms-overflow-y: scroll;\">\n<p><strong>JTF-30. Con\u00e7u pour les guitaristes de flamenco d\u00e9butants.<\/strong><\/p>\n<p>Excellente guitare \u00e0 un prix abordable. Elle remplit toutes les conditions requises pour son guitariste aussi bien au niveau des aspects m\u00e9caniques (l\u00e9g\u00e8ret\u00e9 et commodit\u00e9) que sonores. Elle pr\u00e9sente une r\u00e9ponse rapide et les aigus sont tr\u00e8s brillants.<\/p>\n<p>Un truss rod a \u00e9t\u00e9 ajout\u00e9 sur le manche pour \u00e9viter et r\u00e9soudre les probl\u00e8mes de courbure du manche.<\/p>\n<p>Pour ceux qui commencent \u00e0 jouer le flamenco s\u00e9rieusement, la FOI-30 est la meilleure option.<\/p>\n<\/div>\n<p>[\/et_pb_text][et_pb_audio admin_label=\u00a0\u00bbAudio\u00a0\u00bb audio=\u00a0\u00bbhttp:\/\/www.josetorresguitarras.com\/wp-content\/uploads\/2015\/09\/JTF-30.wav\u00a0\u00bb class=\u00a0\u00bb%22alignnone\u00a0\u00bb src=\u00a0\u00bb%22http:\/\/www.josetorresguitarras.com\/wp-content\/uploads\/2015\/09\/icono-audio-30&#215;30.png%22&Prime; alt=\u00a0\u00bb%22icono-audio-30&#215;30%22&Prime; width=\u00a0\u00bb%2220%22&Prime; height=\u00a0\u00bb%2220%22&Prime; background_layout=\u00a0\u00bblight\u00a0\u00bb use_border_color=\u00a0\u00bboff\u00a0\u00bb border_color=\u00a0\u00bb#ff2323&Prime; border_style=\u00a0\u00bbsolid\u00a0\u00bb title_line_height=\u00a0\u00bb1em\u00a0\u00bb title_font_size=\u00a0\u00bb14&Prime; caption_font_size=\u00a0\u00bb8&Prime; caption_line_height=\u00a0\u00bb1em\u00a0\u00bb module_id=\u00a0\u00bbreproductor-audio\u00a0\u00bb custom_css_main_element=\u00a0\u00bbbackground-image: url(http:\/\/www.josetorresguitarras.com\/wp-content\/uploads\/2015\/09\/icono-audio-30&#215;30.png);||background-repeat: no-repeat;||background-position:35% 35%; \u00a0\u00bb title=\u00a0\u00bb\u00c9couter\u00a0\u00bb]<\/p>\n<p>&nbsp;<\/p>\n<p>[\/et_pb_audio][\/et_pb_column][et_pb_column type=\u00a0\u00bb1_2&Prime;][et_pb_text admin_label=\u00a0\u00bbTexto\u00a0\u00bb background_layout=\u00a0\u00bblight\u00a0\u00bb text_orientation=\u00a0\u00bbleft\u00a0\u00bb use_border_color=\u00a0\u00bboff\u00a0\u00bb border_color=\u00a0\u00bb#ffffff\u00a0\u00bb border_style=\u00a0\u00bbsolid\u00a0\u00bb]<\/p>\n\n<!-- 360 Product Rotation Plugin v.1.5.8 by www.yofla.com  Begin -->\n<iframe loading=\"lazy\"\n            name=\"3drt-yofla360_360_jtf-30\"\n            id=\"3drt-yofla360_360_jtf-30\"\n            width=\"480\"\n            height=\"700\"\n            src=\"https:\/\/www.josetorresguitarras.com\/wp-content\/plugins\/360-product-rotation\/includes\/iframe.php?src=%2F360%2Fjtf-30&product_name=360+Product+View&ga_label=360+%40+%2F360%2Fjtf-30&ga_category=YOFLA_360&ga_tracking_id=0\"\n            marginheight=\"0\"\n            marginwidth=\"0\"\n            scrolling=\"no\"\n            class=\"yofla_360_iframe\"\n            allowfullscreen\n            style=\"\u201dborder:\"\n            ><\/iframe>\n<!-- 360 Product Rotation Plugin v.1.5.8 by www.yofla.com  End -->\n\n<p>[\/et_pb_text][\/et_pb_column][\/et_pb_row][et_pb_row admin_label=\u00a0\u00bbrow\u00a0\u00bb make_fullwidth=\u00a0\u00bboff\u00a0\u00bb use_custom_width=\u00a0\u00bboff\u00a0\u00bb width_unit=\u00a0\u00bboff\u00a0\u00bb use_custom_gutter=\u00a0\u00bboff\u00a0\u00bb padding_mobile=\u00a0\u00bboff\u00a0\u00bb allow_player_pause=\u00a0\u00bboff\u00a0\u00bb parallax=\u00a0\u00bboff\u00a0\u00bb parallax_method=\u00a0\u00bboff\u00a0\u00bb make_equal=\u00a0\u00bboff\u00a0\u00bb background_color=\u00a0\u00bbrgba(211,97,8,0.2)\u00a0\u00bb][et_pb_column type=\u00a0\u00bb1_3&Prime;][et_pb_text admin_label=\u00a0\u00bbTexto\u00a0\u00bb background_layout=\u00a0\u00bblight\u00a0\u00bb text_orientation=\u00a0\u00bbleft\u00a0\u00bb use_border_color=\u00a0\u00bboff\u00a0\u00bb border_color=\u00a0\u00bb#ffffff\u00a0\u00bb border_style=\u00a0\u00bbsolid\u00a0\u00bb custom_padding=\u00a0\u00bb|||20&Prime;]<\/p>\n<p class=\"p1\"><strong>JTF-30<br \/>\n<\/strong><strong>Table:<\/strong>&nbsp;Sapin massif<br \/>\n<strong>\u00c9clisses:&nbsp;<\/strong>Sycomore<\/p>\n<p>[\/et_pb_text][\/et_pb_column][et_pb_column type=\u00a0\u00bb1_3&Prime;][et_pb_text admin_label=\u00a0\u00bbTexto\u00a0\u00bb background_layout=\u00a0\u00bblight\u00a0\u00bb text_orientation=\u00a0\u00bbleft\u00a0\u00bb use_border_color=\u00a0\u00bboff\u00a0\u00bb border_color=\u00a0\u00bb#ffffff\u00a0\u00bb border_style=\u00a0\u00bbsolid\u00a0\u00bb custom_padding=\u00a0\u00bb|||20&Prime;]<\/p>\n<p class=\"p1\"><strong>Fond:<\/strong>&nbsp;\u00c9rable<strong><br \/>\nManche:<\/strong>&nbsp; Acajou<br \/>\n<strong>Diapason:<\/strong>&nbsp;Palissandre Indien<\/p>\n<p>[\/et_pb_text][\/et_pb_column][et_pb_column type=\u00a0\u00bb1_3&Prime;][et_pb_text admin_label=\u00a0\u00bbTexto\u00a0\u00bb background_layout=\u00a0\u00bblight\u00a0\u00bb text_orientation=\u00a0\u00bbleft\u00a0\u00bb use_border_color=\u00a0\u00bboff\u00a0\u00bb border_color=\u00a0\u00bb#ffffff\u00a0\u00bb border_style=\u00a0\u00bbsolid\u00a0\u00bb custom_padding=\u00a0\u00bb|||20&Prime;]<\/p>\n<p class=\"p1\"><strong>Clavijeros:&nbsp;<\/strong>Dor\u00e9es<br \/>\n<strong>Bord\u00e9e:<\/strong>&nbsp;Bord\u00e9e Palosanto<br \/>\n<strong>Finition:<\/strong>&nbsp;Brillante<\/p>\n<p>[\/et_pb_text][\/et_pb_column][\/et_pb_row][et_pb_row admin_label=\u00a0\u00bbrow\u00a0\u00bb make_fullwidth=\u00a0\u00bboff\u00a0\u00bb use_custom_width=\u00a0\u00bboff\u00a0\u00bb width_unit=\u00a0\u00bbon\u00a0\u00bb use_custom_gutter=\u00a0\u00bboff\u00a0\u00bb padding_mobile=\u00a0\u00bboff\u00a0\u00bb allow_player_pause=\u00a0\u00bboff\u00a0\u00bb parallax=\u00a0\u00bboff\u00a0\u00bb parallax_method=\u00a0\u00bboff\u00a0\u00bb make_equal=\u00a0\u00bboff\u00a0\u00bb padding_top_1=\u00a0\u00bb20&Prime;][et_pb_column type=\u00a0\u00bb4_4&Prime;][et_pb_text admin_label=\u00a0\u00bbTexto\u00a0\u00bb background_layout=\u00a0\u00bblight\u00a0\u00bb text_orientation=\u00a0\u00bbleft\u00a0\u00bb use_border_color=\u00a0\u00bboff\u00a0\u00bb border_color=\u00a0\u00bb#ffffff\u00a0\u00bb border_style=\u00a0\u00bbsolid\u00a0\u00bb]<\/p>\n<script>\n    jQuery(document).ready(function() {\n        var opt = {};\nopt['source'] = 'image:1005';opt['contentoption'] = '';opt['contentlink'] = '';opt['contenttitle'] = '';opt['contentexcerptrm'] = '';opt['contenttemplate'] = '';opt['superids'] = '';opt['visible'] = 4;opt['itemWidth'] = 100;opt['itemHeight'] = '';opt['mobileVisible'] = 1;opt['mobileWidth'] = 480;opt['tabletVisible'] = 2;opt['tabletWidth'] = 768;opt['direction'] = 'left';opt['effect'] = 'slide';opt['easing'] = 'swing';opt['easingTime'] = 1000;opt['step'] = 0;opt['auto'] = '';opt['pauseTime'] = 2000;opt['pauseOver'] = '';opt['autoHeight'] = 1;opt['slideGap'] = 4;opt['nextPrev'] = 1;opt['paging'] = '';opt['circular'] = 1;opt['mouseWheel'] = 1;opt['swipe'] = '';opt['keys'] = '';opt['superrandom'] = '';opt['smallbut'] = 1;opt['navpadding'] = 1;opt['navstyle'] = 'style3-white';opt['customclass'] = '';opt['autoscroll'] = 1;opt['scrollspeed'] = 0.25;opt['superhidden'] = '';opt['mobileItemWidth'] = '';opt['mobileItemHeight'] = '';opt['tabletItemWidth'] = '';opt['tabletItemHeight'] = '';opt['next'] = '#next139019';opt['prev'] = '#prev139019';opt['type'] = 'image';        opt.onload = function($$) {\n            var rd = 139019;\n            var tot = $$.find('>div').length \/ 3;\n            $$.find('>div:lt(' + (tot) + ') a.superlight').attr('class', 'blk superlightx'+rd);\n            $$.find('>div:gt(' + ((tot * 2) - 1) + ') a.superlight').attr('class', 'blk superlighty'+rd);\n            \n            $$.find('>div a.superlight').attr('class', 'blk superlight'+rd);\n\n            jQuery('#supercrsl139019').lightGallery({'selector': '.superlight'+rd});\n            jQuery('#supercrsl139019').lightGallery({'selector': '.superlightx'+rd});\n            jQuery('#supercrsl139019').lightGallery({'selector': '.superlighty'+rd});\n\n            if (scarousel139019) {\n                scarousel139019.resetSwipe();\n            }\n        }\n        if (jQuery(\"#supercarousel139019\").find(\">div\").length == 0) {\n            jQuery(\"#supercrsl139019\").hide();\n            return;\n        }\n        jQuery().framerate();\n        var scarousel139019 = jQuery(\"#supercarousel139019\").supercarousel(opt);\n    });\n<\/script>\n<div id=\"supercrsl139019\" class=\"supercrsl pdgwnav\">\n    <div class=\"supercarousel\" id=\"supercarousel139019\">\n                    <div>\n                <a href=\"http:\/\/www.josetorresguitarras.com\/wp-content\/uploads\/2015\/09\/detalle-jtf-30-1.jpg\" data-src=\"http:\/\/www.josetorresguitarras.com\/wp-content\/uploads\/2015\/09\/detalle-jtf-30-1.jpg\" class=\"blk superlight\"><img decoding=\"async\" alt=\"\" class=\"imgslide\" src=\"http:\/\/www.josetorresguitarras.com\/wp-content\/uploads\/2015\/09\/detalle-jtf-30-1.jpg\" \/><\/a>            <\/div>\n                        <div>\n                <a href=\"http:\/\/www.josetorresguitarras.com\/wp-content\/uploads\/2015\/09\/detalle-jtf-30-2.jpg\" data-src=\"http:\/\/www.josetorresguitarras.com\/wp-content\/uploads\/2015\/09\/detalle-jtf-30-2.jpg\" class=\"blk superlight\"><img decoding=\"async\" alt=\"\" class=\"imgslide\" src=\"http:\/\/www.josetorresguitarras.com\/wp-content\/uploads\/2015\/09\/detalle-jtf-30-2.jpg\" \/><\/a>            <\/div>\n                        <div>\n                <a href=\"http:\/\/www.josetorresguitarras.com\/wp-content\/uploads\/2015\/09\/detalle-jtf-30-3.jpg\" data-src=\"http:\/\/www.josetorresguitarras.com\/wp-content\/uploads\/2015\/09\/detalle-jtf-30-3.jpg\" class=\"blk superlight\"><img decoding=\"async\" alt=\"\" class=\"imgslide\" src=\"http:\/\/www.josetorresguitarras.com\/wp-content\/uploads\/2015\/09\/detalle-jtf-30-3.jpg\" \/><\/a>            <\/div>\n                <\/div><div class=\"clear\"><\/div>\n            <a class=\"prev small superprev style3-white\" id=\"prev139019\" href=\"#\"><span>prev<\/span><\/a>\n        <a class=\"next small supernext style3-white\" id=\"next139019\" href=\"#\"><span>next<\/span><\/a>\n            <div class=\"pagination\" id=\"pag139019\"><\/div>\n<\/div>\n<p>[\/et_pb_text][\/et_pb_column][\/et_pb_row][\/et_pb_section][et_pb_section admin_label=\u00a0\u00bbsection\u00a0\u00bb fullwidth=\u00a0\u00bbon\u00a0\u00bb specialty=\u00a0\u00bboff\u00a0\u00bb][et_pb_fullwidth_image admin_label=\u00a0\u00bbImagen de anchura completa\u00a0\u00bb src=\u00a0\u00bbhttp:\/\/www.josetorresguitarras.com\/wp-content\/uploads\/2015\/07\/footer1-recortada1.jpeg\u00a0\u00bb show_in_lightbox=\u00a0\u00bboff\u00a0\u00bb url_new_window=\u00a0\u00bboff\u00a0\u00bb animation=\u00a0\u00bbfade_in\u00a0\u00bb use_border_color=\u00a0\u00bboff\u00a0\u00bb border_color=\u00a0\u00bb#ffffff\u00a0\u00bb border_style=\u00a0\u00bbsolid\u00a0\u00bb custom_margin=\u00a0\u00bb||-13px|\u00a0\u00bb]<\/p>\n<p>[\/et_pb_fullwidth_image][\/et_pb_section]<\/p>\n","protected":false},"excerpt":{"rendered":"<p>JTF-30. Con\u00e7u pour les guitaristes de flamenco d\u00e9butants. Excellente guitare \u00e0 un prix abordable. Elle remplit toutes les conditions requises pour son guitariste aussi bien au niveau des aspects m\u00e9caniques (l\u00e9g\u00e8ret\u00e9 et commodit\u00e9) que sonores. Elle pr\u00e9sente une r\u00e9ponse rapide et les aigus sont tr\u00e8s brillants. Un truss rod a \u00e9t\u00e9 ajout\u00e9 sur le manche [&hellip;]<\/p>\n","protected":false},"author":3,"featured_media":2037,"parent":2410,"menu_order":163,"comment_status":"open","ping_status":"closed","template":"","meta":{"_et_pb_use_builder":"on","_et_pb_old_content":"","_et_gb_content_width":"","footnotes":""},"categories":[90],"tags":[],"class_list":["post-2412","page","type-page","status-publish","has-post-thumbnail","hentry","category-flamenca-fr"],"aioseo_notices":[],"_links":{"self":[{"href":"https:\/\/www.josetorresguitarras.com\/fr\/wp-json\/wp\/v2\/pages\/2412","targetHints":{"allow":["GET"]}}],"collection":[{"href":"https:\/\/www.josetorresguitarras.com\/fr\/wp-json\/wp\/v2\/pages"}],"about":[{"href":"https:\/\/www.josetorresguitarras.com\/fr\/wp-json\/wp\/v2\/types\/page"}],"author":[{"embeddable":true,"href":"https:\/\/www.josetorresguitarras.com\/fr\/wp-json\/wp\/v2\/users\/3"}],"replies":[{"embeddable":true,"href":"https:\/\/www.josetorresguitarras.com\/fr\/wp-json\/wp\/v2\/comments?post=2412"}],"version-history":[{"count":6,"href":"https:\/\/www.josetorresguitarras.com\/fr\/wp-json\/wp\/v2\/pages\/2412\/revisions"}],"predecessor-version":[{"id":2559,"href":"https:\/\/www.josetorresguitarras.com\/fr\/wp-json\/wp\/v2\/pages\/2412\/revisions\/2559"}],"up":[{"embeddable":true,"href":"https:\/\/www.josetorresguitarras.com\/fr\/wp-json\/wp\/v2\/pages\/2410"}],"wp:featuredmedia":[{"embeddable":true,"href":"https:\/\/www.josetorresguitarras.com\/fr\/wp-json\/wp\/v2\/media\/2037"}],"wp:attachment":[{"href":"https:\/\/www.josetorresguitarras.com\/fr\/wp-json\/wp\/v2\/media?parent=2412"}],"wp:term":[{"taxonomy":"category","embeddable":true,"href":"https:\/\/www.josetorresguitarras.com\/fr\/wp-json\/wp\/v2\/categories?post=2412"},{"taxonomy":"post_tag","embeddable":true,"href":"https:\/\/www.josetorresguitarras.com\/fr\/wp-json\/wp\/v2\/tags?post=2412"}],"curies":[{"name":"wp","href":"https:\/\/api.w.org\/{rel}","templated":true}]}}