{"id":2401,"date":"2015-08-18T18:48:09","date_gmt":"2015-08-18T17:48:09","guid":{"rendered":"http:\/\/www.josetorresguitarras.com\/?page_id=2401"},"modified":"2017-01-03T10:06:46","modified_gmt":"2017-01-03T09:06:46","slug":"clasica-electrificada-jtc-30ce","status":"publish","type":"page","link":"https:\/\/www.josetorresguitarras.com\/fr\/guitarras-cutaway\/clasica-electrificada-jtc-30ce\/","title":{"rendered":"JTC-30CE"},"content":{"rendered":"<p>[et_pb_section admin_label=\u00a0\u00bbsection\u00a0\u00bb fullwidth=\u00a0\u00bbon\u00a0\u00bb specialty=\u00a0\u00bboff\u00a0\u00bb transparent_background=\u00a0\u00bbon\u00a0\u00bb background_color=\u00a0\u00bb#dbc2b6&Prime; allow_player_pause=\u00a0\u00bboff\u00a0\u00bb inner_shadow=\u00a0\u00bboff\u00a0\u00bb parallax=\u00a0\u00bboff\u00a0\u00bb parallax_method=\u00a0\u00bboff\u00a0\u00bb padding_mobile=\u00a0\u00bboff\u00a0\u00bb make_fullwidth=\u00a0\u00bboff\u00a0\u00bb use_custom_width=\u00a0\u00bboff\u00a0\u00bb width_unit=\u00a0\u00bbon\u00a0\u00bb make_equal=\u00a0\u00bboff\u00a0\u00bb use_custom_gutter=\u00a0\u00bboff\u00a0\u00bb][et_pb_fullwidth_header admin_label=\u00a0\u00bbT\u00edtulo de anchura completa\u00a0\u00bb title=\u00a0\u00bbJTC-30CE\u00a0\u00bb background_layout=\u00a0\u00bblight\u00a0\u00bb text_orientation=\u00a0\u00bbcenter\u00a0\u00bb header_fullscreen=\u00a0\u00bboff\u00a0\u00bb header_scroll_down=\u00a0\u00bboff\u00a0\u00bb parallax=\u00a0\u00bboff\u00a0\u00bb parallax_method=\u00a0\u00bboff\u00a0\u00bb content_orientation=\u00a0\u00bbcenter\u00a0\u00bb image_orientation=\u00a0\u00bbcenter\u00a0\u00bb custom_button_one=\u00a0\u00bboff\u00a0\u00bb button_one_letter_spacing=\u00a0\u00bb0&Prime; button_one_use_icon=\u00a0\u00bbdefault\u00a0\u00bb button_one_icon_placement=\u00a0\u00bbright\u00a0\u00bb button_one_on_hover=\u00a0\u00bbon\u00a0\u00bb button_one_letter_spacing_hover=\u00a0\u00bb0&Prime; custom_button_two=\u00a0\u00bboff\u00a0\u00bb button_two_letter_spacing=\u00a0\u00bb0&Prime; button_two_use_icon=\u00a0\u00bbdefault\u00a0\u00bb button_two_icon_placement=\u00a0\u00bbright\u00a0\u00bb button_two_on_hover=\u00a0\u00bbon\u00a0\u00bb button_two_letter_spacing_hover=\u00a0\u00bb0&Prime; background_color=\u00a0\u00bb#f9f9f9&Prime; scroll_down_icon_size=\u00a0\u00bb24px\u00a0\u00bb subhead_font_size=\u00a0\u00bb14px\u00a0\u00bb content_font_color=\u00a0\u00bb#000000&Prime;]<\/p>\n<p>[\/et_pb_fullwidth_header][\/et_pb_section][et_pb_section admin_label=\u00a0\u00bbsection\u00a0\u00bb][et_pb_row admin_label=\u00a0\u00bbrow\u00a0\u00bb make_fullwidth=\u00a0\u00bboff\u00a0\u00bb use_custom_width=\u00a0\u00bboff\u00a0\u00bb width_unit=\u00a0\u00bbon\u00a0\u00bb use_custom_gutter=\u00a0\u00bboff\u00a0\u00bb padding_mobile=\u00a0\u00bboff\u00a0\u00bb allow_player_pause=\u00a0\u00bboff\u00a0\u00bb parallax=\u00a0\u00bboff\u00a0\u00bb parallax_method=\u00a0\u00bboff\u00a0\u00bb make_equal=\u00a0\u00bboff\u00a0\u00bb custom_css_main_element=\u00a0\u00bbmargin-bottom: 20px;\u00a0\u00bb][et_pb_column type=\u00a0\u00bb1_2&Prime;][et_pb_text admin_label=\u00a0\u00bbTexto\u00a0\u00bb background_layout=\u00a0\u00bblight\u00a0\u00bb text_orientation=\u00a0\u00bbleft\u00a0\u00bb use_border_color=\u00a0\u00bboff\u00a0\u00bb border_color=\u00a0\u00bb#ffffff\u00a0\u00bb border_style=\u00a0\u00bbsolid\u00a0\u00bb background_color=\u00a0\u00bb#ffffff\u00a0\u00bb custom_padding=\u00a0\u00bb10|10|10|10&Prime; max_width=\u00a0\u00bb700px\u00a0\u00bb module_class=\u00a0\u00bbmarco-jt\u00a0\u00bb custom_css_main_element=\u00a0\u00bbmargin: 0 auto;\u00a0\u00bb]<\/p>\n<div style=\"height: 450px; white-space: pre-wrap; overflow-y: scroll;\">\n<p><strong>JTC-30CE. S\u00e9lectionn\u00e9e avec dos et \u00e9clisses en palissandre et m\u00e9caniques dor\u00e9es.<\/strong><\/p>\n<p>Avec une table d\u2019harmonie en c\u00e8dre, les dos et \u00e9clisses sont en palissandre Indien lamin\u00e9, s\u00e9lectionn\u00e9s avec soin et pr\u00e9cision, offrant la qualit\u00e9 sonore du palissandre.<\/p>\n<p>Pour ceux qui commencent \u00e0 joueur s\u00e9rieusement, la JTC-30 est la meilleure option<\/p>\n<p>Avec pr\u00e9amplificateur Fishman CL3<\/p>\n<\/div>\n<p>[\/et_pb_text][et_pb_audio admin_label=\u00a0\u00bbAudio\u00a0\u00bb audio=\u00a0\u00bbhttp:\/\/www.josetorresguitarras.com\/wp-content\/uploads\/2015\/09\/JTC-30CE.wav\u00a0\u00bb class=\u00a0\u00bb%22alignnone\u00a0\u00bb src=\u00a0\u00bb%22http:\/\/www.josetorresguitarras.com\/wp-content\/uploads\/2015\/09\/icono-audio-30&#215;30.png%22&Prime; alt=\u00a0\u00bb%22icono-audio-30&#215;30%22&Prime; width=\u00a0\u00bb%2220%22&Prime; height=\u00a0\u00bb%2220%22&Prime; background_layout=\u00a0\u00bblight\u00a0\u00bb use_border_color=\u00a0\u00bboff\u00a0\u00bb border_color=\u00a0\u00bb#ff2323&Prime; border_style=\u00a0\u00bbsolid\u00a0\u00bb title_line_height=\u00a0\u00bb1em\u00a0\u00bb title_font_size=\u00a0\u00bb14&Prime; caption_font_size=\u00a0\u00bb8&Prime; caption_line_height=\u00a0\u00bb1em\u00a0\u00bb module_id=\u00a0\u00bbreproductor-audio\u00a0\u00bb custom_css_main_element=\u00a0\u00bbbackground-image: url(http:\/\/www.josetorresguitarras.com\/wp-content\/uploads\/2015\/09\/icono-audio-30&#215;30.png);||background-repeat: no-repeat;||background-position:35% 35%; \u00a0\u00bb title=\u00a0\u00bb\u00c9couter\u00a0\u00bb]<\/p>\n<p>&nbsp;<\/p>\n<p>[\/et_pb_audio][\/et_pb_column][et_pb_column type=\u00a0\u00bb1_2&Prime;][et_pb_text admin_label=\u00a0\u00bbTexto\u00a0\u00bb background_layout=\u00a0\u00bblight\u00a0\u00bb text_orientation=\u00a0\u00bbleft\u00a0\u00bb use_border_color=\u00a0\u00bboff\u00a0\u00bb border_color=\u00a0\u00bb#ffffff\u00a0\u00bb border_style=\u00a0\u00bbsolid\u00a0\u00bb]<\/p>\n\n<!-- 360 Product Rotation Plugin v.1.5.8 by www.yofla.com  Begin -->\n<iframe loading=\"lazy\"\n            name=\"3drt-yofla360_360_jtc-30ce\"\n            id=\"3drt-yofla360_360_jtc-30ce\"\n            width=\"480\"\n            height=\"700\"\n            src=\"https:\/\/www.josetorresguitarras.com\/wp-content\/plugins\/360-product-rotation\/includes\/iframe.php?src=%2F360%2Fjtc-30ce&product_name=360+Product+View&ga_label=360+%40+%2F360%2Fjtc-30ce&ga_category=YOFLA_360&ga_tracking_id=0\"\n            marginheight=\"0\"\n            marginwidth=\"0\"\n            scrolling=\"no\"\n            class=\"yofla_360_iframe\"\n            allowfullscreen\n            style=\"\u201dborder:\"\n            ><\/iframe>\n<!-- 360 Product Rotation Plugin v.1.5.8 by www.yofla.com  End -->\n\n<p>[\/et_pb_text][\/et_pb_column][\/et_pb_row][et_pb_row admin_label=\u00a0\u00bbrow\u00a0\u00bb make_fullwidth=\u00a0\u00bboff\u00a0\u00bb use_custom_width=\u00a0\u00bboff\u00a0\u00bb width_unit=\u00a0\u00bboff\u00a0\u00bb use_custom_gutter=\u00a0\u00bboff\u00a0\u00bb padding_mobile=\u00a0\u00bboff\u00a0\u00bb allow_player_pause=\u00a0\u00bboff\u00a0\u00bb parallax=\u00a0\u00bboff\u00a0\u00bb parallax_method=\u00a0\u00bboff\u00a0\u00bb make_equal=\u00a0\u00bboff\u00a0\u00bb background_color=\u00a0\u00bbrgba(211,97,8,0.2)\u00a0\u00bb][et_pb_column type=\u00a0\u00bb1_3&Prime;][et_pb_text admin_label=\u00a0\u00bbTexto\u00a0\u00bb background_layout=\u00a0\u00bblight\u00a0\u00bb text_orientation=\u00a0\u00bbleft\u00a0\u00bb use_border_color=\u00a0\u00bboff\u00a0\u00bb border_color=\u00a0\u00bb#ffffff\u00a0\u00bb border_style=\u00a0\u00bbsolid\u00a0\u00bb custom_padding=\u00a0\u00bb|||20&Prime;]<\/p>\n<p class=\"p1\"><strong>JTC-30CE<br \/>\n<\/strong><strong>Table:<\/strong>&nbsp;C\u00e8dre massif<br \/>\n<strong>\u00c9clisses:&nbsp;<\/strong>Palissandre Indien<\/p>\n<p>[\/et_pb_text][\/et_pb_column][et_pb_column type=\u00a0\u00bb1_3&Prime;][et_pb_text admin_label=\u00a0\u00bbTexto\u00a0\u00bb background_layout=\u00a0\u00bblight\u00a0\u00bb text_orientation=\u00a0\u00bbleft\u00a0\u00bb use_border_color=\u00a0\u00bboff\u00a0\u00bb border_color=\u00a0\u00bb#ffffff\u00a0\u00bb border_style=\u00a0\u00bbsolid\u00a0\u00bb custom_padding=\u00a0\u00bb|||20&Prime;]<\/p>\n<p class=\"p1\"><strong>Fond:<\/strong>&nbsp;Palissandre Indien<strong><br \/>\nManche:<\/strong>&nbsp;Acajou<br \/>\n<strong>Diapason:<\/strong>Palissandre Indien<\/p>\n<p>[\/et_pb_text][\/et_pb_column][et_pb_column type=\u00a0\u00bb1_3&Prime;][et_pb_text admin_label=\u00a0\u00bbTexto\u00a0\u00bb background_layout=\u00a0\u00bblight\u00a0\u00bb text_orientation=\u00a0\u00bbleft\u00a0\u00bb use_border_color=\u00a0\u00bboff\u00a0\u00bb border_color=\u00a0\u00bb#ffffff\u00a0\u00bb border_style=\u00a0\u00bbsolid\u00a0\u00bb custom_padding=\u00a0\u00bb|||20&Prime;]<\/p>\n<p class=\"p1\"><strong>M\u00e9caniques:&nbsp;<\/strong>Dor\u00e9es<br \/>\n<strong>\u00c9lectronique:<\/strong>&nbsp;Fishman LC3<br \/>\n<strong>Finition:<\/strong>&nbsp;Brillante<\/p>\n<p>[\/et_pb_text][\/et_pb_column][\/et_pb_row][et_pb_row admin_label=\u00a0\u00bbrow\u00a0\u00bb make_fullwidth=\u00a0\u00bboff\u00a0\u00bb use_custom_width=\u00a0\u00bboff\u00a0\u00bb width_unit=\u00a0\u00bbon\u00a0\u00bb use_custom_gutter=\u00a0\u00bboff\u00a0\u00bb padding_mobile=\u00a0\u00bboff\u00a0\u00bb allow_player_pause=\u00a0\u00bboff\u00a0\u00bb parallax=\u00a0\u00bboff\u00a0\u00bb parallax_method=\u00a0\u00bboff\u00a0\u00bb make_equal=\u00a0\u00bboff\u00a0\u00bb padding_top_1=\u00a0\u00bb20&Prime;][et_pb_column type=\u00a0\u00bb4_4&Prime;][et_pb_text admin_label=\u00a0\u00bbTexto\u00a0\u00bb background_layout=\u00a0\u00bblight\u00a0\u00bb text_orientation=\u00a0\u00bbleft\u00a0\u00bb use_border_color=\u00a0\u00bboff\u00a0\u00bb border_color=\u00a0\u00bb#ffffff\u00a0\u00bb border_style=\u00a0\u00bbsolid\u00a0\u00bb]<\/p>\n<script>\n    jQuery(document).ready(function() {\n        var opt = {};\nopt['source'] = 'image:936';opt['contentoption'] = '';opt['contentlink'] = '';opt['contenttitle'] = '';opt['contentexcerptrm'] = '';opt['contenttemplate'] = '';opt['superids'] = '';opt['visible'] = 4;opt['itemWidth'] = 100;opt['itemHeight'] = '';opt['mobileVisible'] = 1;opt['mobileWidth'] = 480;opt['tabletVisible'] = 2;opt['tabletWidth'] = 768;opt['direction'] = 'left';opt['effect'] = 'slide';opt['easing'] = 'swing';opt['easingTime'] = 1000;opt['step'] = 0;opt['auto'] = '';opt['pauseTime'] = 2000;opt['pauseOver'] = '';opt['autoHeight'] = 1;opt['slideGap'] = 4;opt['nextPrev'] = 1;opt['paging'] = '';opt['circular'] = 1;opt['mouseWheel'] = 1;opt['swipe'] = '';opt['keys'] = '';opt['superrandom'] = '';opt['smallbut'] = 1;opt['navpadding'] = 1;opt['navstyle'] = 'style3-white';opt['customclass'] = '';opt['autoscroll'] = 1;opt['scrollspeed'] = 0.25;opt['superhidden'] = '';opt['mobileItemWidth'] = '';opt['mobileItemHeight'] = '';opt['tabletItemWidth'] = '';opt['tabletItemHeight'] = '';opt['next'] = '#next777126';opt['prev'] = '#prev777126';opt['type'] = 'image';        opt.onload = function($$) {\n            var rd = 777126;\n            var tot = $$.find('>div').length \/ 3;\n            $$.find('>div:lt(' + (tot) + ') a.superlight').attr('class', 'blk superlightx'+rd);\n            $$.find('>div:gt(' + ((tot * 2) - 1) + ') a.superlight').attr('class', 'blk superlighty'+rd);\n            \n            $$.find('>div a.superlight').attr('class', 'blk superlight'+rd);\n\n            jQuery('#supercrsl777126').lightGallery({'selector': '.superlight'+rd});\n            jQuery('#supercrsl777126').lightGallery({'selector': '.superlightx'+rd});\n            jQuery('#supercrsl777126').lightGallery({'selector': '.superlighty'+rd});\n\n            if (scarousel777126) {\n                scarousel777126.resetSwipe();\n            }\n        }\n        if (jQuery(\"#supercarousel777126\").find(\">div\").length == 0) {\n            jQuery(\"#supercrsl777126\").hide();\n            return;\n        }\n        jQuery().framerate();\n        var scarousel777126 = jQuery(\"#supercarousel777126\").supercarousel(opt);\n    });\n<\/script>\n<div id=\"supercrsl777126\" class=\"supercrsl pdgwnav\">\n    <div class=\"supercarousel\" id=\"supercarousel777126\">\n                    <div>\n                <a href=\"http:\/\/www.josetorresguitarras.com\/wp-content\/uploads\/2015\/09\/detalle-jtc-30ce-1.jpg\" data-src=\"http:\/\/www.josetorresguitarras.com\/wp-content\/uploads\/2015\/09\/detalle-jtc-30ce-1.jpg\" class=\"blk superlight\"><img decoding=\"async\" alt=\"\" class=\"imgslide\" src=\"http:\/\/www.josetorresguitarras.com\/wp-content\/uploads\/2015\/09\/detalle-jtc-30ce-1.jpg\" \/><\/a>            <\/div>\n                        <div>\n                <a href=\"http:\/\/www.josetorresguitarras.com\/wp-content\/uploads\/2015\/09\/detalle-jtc-30ce-2.jpg\" data-src=\"http:\/\/www.josetorresguitarras.com\/wp-content\/uploads\/2015\/09\/detalle-jtc-30ce-2.jpg\" class=\"blk superlight\"><img decoding=\"async\" alt=\"\" class=\"imgslide\" src=\"http:\/\/www.josetorresguitarras.com\/wp-content\/uploads\/2015\/09\/detalle-jtc-30ce-2.jpg\" \/><\/a>            <\/div>\n                        <div>\n                <a href=\"http:\/\/www.josetorresguitarras.com\/wp-content\/uploads\/2015\/09\/detalle-jtc-30ce-3.jpg\" data-src=\"http:\/\/www.josetorresguitarras.com\/wp-content\/uploads\/2015\/09\/detalle-jtc-30ce-3.jpg\" class=\"blk superlight\"><img decoding=\"async\" alt=\"\" class=\"imgslide\" src=\"http:\/\/www.josetorresguitarras.com\/wp-content\/uploads\/2015\/09\/detalle-jtc-30ce-3.jpg\" \/><\/a>            <\/div>\n                        <div>\n                <a href=\"http:\/\/www.josetorresguitarras.com\/wp-content\/uploads\/2015\/09\/detalle-jtc-30ce-4.jpg\" data-src=\"http:\/\/www.josetorresguitarras.com\/wp-content\/uploads\/2015\/09\/detalle-jtc-30ce-4.jpg\" class=\"blk superlight\"><img decoding=\"async\" alt=\"\" class=\"imgslide\" src=\"http:\/\/www.josetorresguitarras.com\/wp-content\/uploads\/2015\/09\/detalle-jtc-30ce-4.jpg\" \/><\/a>            <\/div>\n                <\/div><div class=\"clear\"><\/div>\n            <a class=\"prev small superprev style3-white\" id=\"prev777126\" href=\"#\"><span>prev<\/span><\/a>\n        <a class=\"next small supernext style3-white\" id=\"next777126\" href=\"#\"><span>next<\/span><\/a>\n            <div class=\"pagination\" id=\"pag777126\"><\/div>\n<\/div>\n<p>[\/et_pb_text][\/et_pb_column][\/et_pb_row][\/et_pb_section][et_pb_section admin_label=\u00a0\u00bbsection\u00a0\u00bb fullwidth=\u00a0\u00bbon\u00a0\u00bb specialty=\u00a0\u00bboff\u00a0\u00bb][et_pb_fullwidth_image admin_label=\u00a0\u00bbImagen de anchura completa\u00a0\u00bb src=\u00a0\u00bbhttp:\/\/www.josetorresguitarras.com\/wp-content\/uploads\/2015\/07\/footer1-recortada1.jpeg\u00a0\u00bb show_in_lightbox=\u00a0\u00bboff\u00a0\u00bb url_new_window=\u00a0\u00bboff\u00a0\u00bb animation=\u00a0\u00bbfade_in\u00a0\u00bb use_border_color=\u00a0\u00bboff\u00a0\u00bb border_color=\u00a0\u00bb#ffffff\u00a0\u00bb border_style=\u00a0\u00bbsolid\u00a0\u00bb custom_margin=\u00a0\u00bb||-13px|\u00a0\u00bb]<\/p>\n<p>[\/et_pb_fullwidth_image][\/et_pb_section]<\/p>\n","protected":false},"excerpt":{"rendered":"<p>JTC-30CE. S\u00e9lectionn\u00e9e avec dos et \u00e9clisses en palissandre et m\u00e9caniques dor\u00e9es. Avec une table d\u2019harmonie en c\u00e8dre, les dos et \u00e9clisses sont en palissandre Indien lamin\u00e9, s\u00e9lectionn\u00e9s avec soin et pr\u00e9cision, offrant la qualit\u00e9 sonore du palissandre. Pour ceux qui commencent \u00e0 joueur s\u00e9rieusement, la JTC-30 est la meilleure option Avec pr\u00e9amplificateur Fishman CL3 &nbsp; [&hellip;]<\/p>\n","protected":false},"author":3,"featured_media":2033,"parent":2392,"menu_order":142,"comment_status":"open","ping_status":"closed","template":"","meta":{"_et_pb_use_builder":"on","_et_pb_old_content":"","_et_gb_content_width":"","footnotes":""},"categories":[88,89],"tags":[],"class_list":["post-2401","page","type-page","status-publish","has-post-thumbnail","hentry","category-cutaway-fr","category-electrificada-fr"],"aioseo_notices":[],"_links":{"self":[{"href":"https:\/\/www.josetorresguitarras.com\/fr\/wp-json\/wp\/v2\/pages\/2401","targetHints":{"allow":["GET"]}}],"collection":[{"href":"https:\/\/www.josetorresguitarras.com\/fr\/wp-json\/wp\/v2\/pages"}],"about":[{"href":"https:\/\/www.josetorresguitarras.com\/fr\/wp-json\/wp\/v2\/types\/page"}],"author":[{"embeddable":true,"href":"https:\/\/www.josetorresguitarras.com\/fr\/wp-json\/wp\/v2\/users\/3"}],"replies":[{"embeddable":true,"href":"https:\/\/www.josetorresguitarras.com\/fr\/wp-json\/wp\/v2\/comments?post=2401"}],"version-history":[{"count":8,"href":"https:\/\/www.josetorresguitarras.com\/fr\/wp-json\/wp\/v2\/pages\/2401\/revisions"}],"predecessor-version":[{"id":2557,"href":"https:\/\/www.josetorresguitarras.com\/fr\/wp-json\/wp\/v2\/pages\/2401\/revisions\/2557"}],"up":[{"embeddable":true,"href":"https:\/\/www.josetorresguitarras.com\/fr\/wp-json\/wp\/v2\/pages\/2392"}],"wp:featuredmedia":[{"embeddable":true,"href":"https:\/\/www.josetorresguitarras.com\/fr\/wp-json\/wp\/v2\/media\/2033"}],"wp:attachment":[{"href":"https:\/\/www.josetorresguitarras.com\/fr\/wp-json\/wp\/v2\/media?parent=2401"}],"wp:term":[{"taxonomy":"category","embeddable":true,"href":"https:\/\/www.josetorresguitarras.com\/fr\/wp-json\/wp\/v2\/categories?post=2401"},{"taxonomy":"post_tag","embeddable":true,"href":"https:\/\/www.josetorresguitarras.com\/fr\/wp-json\/wp\/v2\/tags?post=2401"}],"curies":[{"name":"wp","href":"https:\/\/api.w.org\/{rel}","templated":true}]}}