{"id":2355,"date":"2015-06-25T15:35:26","date_gmt":"2015-06-25T14:35:26","guid":{"rendered":"http:\/\/www.josetorresguitarras.com\/?page_id=2355"},"modified":"2017-01-03T09:28:59","modified_gmt":"2017-01-03T08:28:59","slug":"empresa","status":"publish","type":"page","link":"https:\/\/www.josetorresguitarras.com\/fr\/empresa\/","title":{"rendered":"Empresa"},"content":{"rendered":"<p>[et_pb_section admin_label=\u00a0\u00bbsection\u00a0\u00bb][et_pb_row admin_label=\u00a0\u00bbrow\u00a0\u00bb][\/et_pb_row][\/et_pb_section][et_pb_section admin_label=\u00a0\u00bbSecci\u00f3n\u00a0\u00bb fullwidth=\u00a0\u00bboff\u00a0\u00bb specialty=\u00a0\u00bbon\u00a0\u00bb][et_pb_column type=\u00a0\u00bb2_3&Prime; specialty_columns=\u00a0\u00bb2&Prime;][et_pb_row_inner admin_label=\u00a0\u00bbFila\u00a0\u00bb][et_pb_column_inner type=\u00a0\u00bb4_4&Prime; saved_specialty_column_type=\u00a0\u00bb2_3&Prime;][et_pb_text admin_label=\u00a0\u00bbTexto\u00a0\u00bb background_layout=\u00a0\u00bblight\u00a0\u00bb text_orientation=\u00a0\u00bbleft\u00a0\u00bb use_border_color=\u00a0\u00bboff\u00a0\u00bb border_color=\u00a0\u00bb#ffffff\u00a0\u00bb border_style=\u00a0\u00bbsolid\u00a0\u00bb]<\/p>\n<p style=\"text-align: center;\"><a href=\"http:\/\/www.josetorresguitarras.com\/wp-content\/uploads\/2015\/06\/logo-jose-torres-300px.jpeg\"><img loading=\"lazy\" decoding=\"async\" class=\"alignnone wp-image-41 size-medium\" src=\"http:\/\/www.josetorresguitarras.com\/wp-content\/uploads\/2015\/06\/logo-jose-torres-300px-300x96.jpeg\" alt=\"\" width=\"300\" height=\"96\" srcset=\"https:\/\/www.josetorresguitarras.com\/wp-content\/uploads\/2015\/06\/logo-jose-torres-300px-300x96.jpeg 300w, https:\/\/www.josetorresguitarras.com\/wp-content\/uploads\/2015\/06\/logo-jose-torres-300px-1024x328.jpeg 1024w, https:\/\/www.josetorresguitarras.com\/wp-content\/uploads\/2015\/06\/logo-jose-torres-300px-1080x346.jpeg 1080w, https:\/\/www.josetorresguitarras.com\/wp-content\/uploads\/2015\/06\/logo-jose-torres-300px.jpeg 1419w\" sizes=\"(max-width: 300px) 100vw, 300px\" \/><\/a><\/p>\n<p style=\"text-align: center;\"><a href=\"http:\/\/www.josetorresguitarras.com\/wp-content\/uploads\/2015\/09\/separador-secciones-pq.png\"><img loading=\"lazy\" decoding=\"async\" class=\"alignnone size-full wp-image-713\" src=\"http:\/\/www.josetorresguitarras.com\/wp-content\/uploads\/2015\/09\/separador-secciones-pq.png\" alt=\"separador-secciones-pq\" width=\"200\" height=\"11\"><\/a><\/p>\n<p style=\"text-align: center;\"><strong>Notre philosophie<\/strong><\/p>\n<p>Jos\u00e9 Torres est une nouvelle g\u00e9n\u00e9ration de guitares qui combine maestria et tradition en parfaite combinaison avec la technologie la plus moderne. L\u2019\u00e9l\u00e9gance au niveau des formes, le d\u00e9tail des finitions, l\u2019\u00e9quilibre du son et les meilleurs bois sp\u00e9cialement s\u00e9lectionn\u00e9s. C\u2019est la philosophie des nouvelles guitares Jos\u00e9 Torres, toutes fabriqu\u00e9es \u00e0 la main.<\/p>\n<p><em>\u201cLa musique est compos\u00e9e d\u2019\u00e9motions, et une guitare doit transmettre toute la passion de celui qui joue. Chaque guitare est une extension de l\u2019\u00e2me, et doit \u00eatre fid\u00e8le \u00e0 l\u2019esprit des notes et g\u00e9n\u00e9reuse au niveau du son. Le m\u00eame esprit avec lequel les guitares &nbsp;Jos\u00e9 Torres sont cr\u00e9\u00e9es et fabriqu\u00e9es\u201d<\/em><\/p>\n<p>[\/et_pb_text][et_pb_text admin_label=\u00a0\u00bbTexto\u00a0\u00bb background_layout=\u00a0\u00bblight\u00a0\u00bb text_orientation=\u00a0\u00bbleft\u00a0\u00bb use_border_color=\u00a0\u00bboff\u00a0\u00bb border_color=\u00a0\u00bb#ffffff\u00a0\u00bb border_style=\u00a0\u00bbsolid\u00a0\u00bb]<\/p>\n<p style=\"text-align: center;\"><strong>Notre marque<\/strong><\/p>\n<p>Jos\u00e9 Torres propose un vaste choix de guitares, classiques et flamenco, de diff\u00e9rentes qualit\u00e9s et prix, tonalit\u00e9s sonores et vari\u00e9t\u00e9 de bois nobles, pour couvrir tous et chacun des besoins de chaque musicien. Depuis les guitares de studio cr\u00e9\u00e9es en Espagne, jusqu\u2019aux guitares de conservatoire et de concert fabriqu\u00e9es en Espagne dans leur int\u00e9gralit\u00e9.<\/p>\n<p>Toutes les guitares Jose Torres sont construites avec la pr\u00e9cision, l\u2019engagement et l\u2019exigence propres \u00e0 une \u00e9laboration artisanale, associ\u00e9s \u00e0 l\u2019introduction d\u2019\u00e9l\u00e9ments innovateurs dans leurs finitions, comme son design ergonomique et le r\u00e9glage du manche, qui en font des guitares commodes et convenant aux diff\u00e9rents niveaux de guitaristes. L\u2019exp\u00e9rience de plus de 10 ans dans la fabrication de guitares nous a permis de conna\u00eetre les besoins r\u00e9els des musiciens, appliquant toutes ces connaissances \u00e0 la nouvelle gamme de guitares artisanales Jos\u00e9 Torres.<\/p>\n<p>[\/et_pb_text][et_pb_text admin_label=\u00a0\u00bbTexto\u00a0\u00bb background_layout=\u00a0\u00bblight\u00a0\u00bb text_orientation=\u00a0\u00bbleft\u00a0\u00bb use_border_color=\u00a0\u00bboff\u00a0\u00bb border_color=\u00a0\u00bb#ffffff\u00a0\u00bb border_style=\u00a0\u00bbsolid\u00a0\u00bb]<\/p>\n<p style=\"text-align: center;\"><strong>Contr\u00f4le de qualit\u00e9<\/strong><\/p>\n<p>La qualit\u00e9 et la fiabilit\u00e9 sont les principaux d\u00e9fis des guitares Jos\u00e9 Torres. Des guitares fabriqu\u00e9es avec un maximum de soin et pr\u00e9cision. Dans le processus final, chacune des guitares Jos\u00e9 Torres passe par un contr\u00f4le de qualit\u00e9 complet&nbsp;pour que l\u2019instrument arrive en parfaites conditions entre les mains du guitariste.<\/p>\n<p>Les 3 ans de garantie offerts pour les guitares Jos\u00e9 Torres&nbsp;sont&nbsp;la meilleure&nbsp;preuve que les guitares sont fabriqu\u00e9es avec des param\u00e8tres de qualit\u00e9 les plus stricts.<\/p>\n<p style=\"text-align: justify;\"><a href=\"http:\/\/www.josetorresguitarras.com\/wp-content\/uploads\/2015\/06\/3-a\u00f1os-de.jpg\"><img loading=\"lazy\" decoding=\"async\" class=\"size-full wp-image-1901 alignright\" src=\"http:\/\/www.josetorresguitarras.com\/wp-content\/uploads\/2015\/06\/3-a\u00f1os-de.jpg\" alt=\"3 a\u00f1os de\" width=\"191\" height=\"118\"><\/a><\/p>\n<p>&nbsp;<\/p>\n<p>[\/et_pb_text][\/et_pb_column_inner][\/et_pb_row_inner][\/et_pb_column][et_pb_column type=\u00a0\u00bb1_3&Prime;][et_pb_image admin_label=\u00a0\u00bbImagen\u00a0\u00bb src=\u00a0\u00bbhttp:\/\/www.josetorresguitarras.com\/wp-content\/uploads\/2015\/06\/IMGP3167-baja.jpg\u00a0\u00bb show_in_lightbox=\u00a0\u00bboff\u00a0\u00bb url_new_window=\u00a0\u00bboff\u00a0\u00bb animation=\u00a0\u00bbleft\u00a0\u00bb sticky=\u00a0\u00bboff\u00a0\u00bb align=\u00a0\u00bbleft\u00a0\u00bb force_fullwidth=\u00a0\u00bboff\u00a0\u00bb always_center_on_mobile=\u00a0\u00bbon\u00a0\u00bb use_border_color=\u00a0\u00bboff\u00a0\u00bb border_color=\u00a0\u00bb#ffffff\u00a0\u00bb border_style=\u00a0\u00bbsolid\u00a0\u00bb]<\/p>\n<p>[\/et_pb_image][et_pb_image admin_label=\u00a0\u00bbImagen\u00a0\u00bb src=\u00a0\u00bbhttp:\/\/www.josetorresguitarras.com\/wp-content\/uploads\/2015\/06\/IMGP3161baja.jpg\u00a0\u00bb show_in_lightbox=\u00a0\u00bboff\u00a0\u00bb url_new_window=\u00a0\u00bboff\u00a0\u00bb animation=\u00a0\u00bbleft\u00a0\u00bb sticky=\u00a0\u00bboff\u00a0\u00bb align=\u00a0\u00bbleft\u00a0\u00bb force_fullwidth=\u00a0\u00bboff\u00a0\u00bb always_center_on_mobile=\u00a0\u00bbon\u00a0\u00bb use_border_color=\u00a0\u00bboff\u00a0\u00bb border_color=\u00a0\u00bb#ffffff\u00a0\u00bb border_style=\u00a0\u00bbsolid\u00a0\u00bb]<\/p>\n<p>[\/et_pb_image][et_pb_image admin_label=\u00a0\u00bbImagen\u00a0\u00bb src=\u00a0\u00bbhttp:\/\/www.josetorresguitarras.com\/wp-content\/uploads\/2015\/06\/IMGP3096-baja.jpg\u00a0\u00bb show_in_lightbox=\u00a0\u00bboff\u00a0\u00bb url_new_window=\u00a0\u00bboff\u00a0\u00bb animation=\u00a0\u00bbleft\u00a0\u00bb sticky=\u00a0\u00bboff\u00a0\u00bb align=\u00a0\u00bbleft\u00a0\u00bb force_fullwidth=\u00a0\u00bboff\u00a0\u00bb always_center_on_mobile=\u00a0\u00bbon\u00a0\u00bb use_border_color=\u00a0\u00bboff\u00a0\u00bb border_color=\u00a0\u00bb#ffffff\u00a0\u00bb border_style=\u00a0\u00bbsolid\u00a0\u00bb]<\/p>\n<p>[\/et_pb_image][et_pb_image admin_label=\u00a0\u00bbImagen\u00a0\u00bb src=\u00a0\u00bbhttp:\/\/www.josetorresguitarras.com\/wp-content\/uploads\/2015\/06\/IMGP3083-baja.jpg\u00a0\u00bb show_in_lightbox=\u00a0\u00bboff\u00a0\u00bb url_new_window=\u00a0\u00bboff\u00a0\u00bb animation=\u00a0\u00bbleft\u00a0\u00bb sticky=\u00a0\u00bboff\u00a0\u00bb align=\u00a0\u00bbleft\u00a0\u00bb force_fullwidth=\u00a0\u00bboff\u00a0\u00bb always_center_on_mobile=\u00a0\u00bbon\u00a0\u00bb use_border_color=\u00a0\u00bboff\u00a0\u00bb border_color=\u00a0\u00bb#ffffff\u00a0\u00bb border_style=\u00a0\u00bbsolid\u00a0\u00bb]<\/p>\n<p>[\/et_pb_image][\/et_pb_column][\/et_pb_section]<\/p>\n","protected":false},"excerpt":{"rendered":"<p>Notre philosophie Jos\u00e9 Torres est une nouvelle g\u00e9n\u00e9ration de guitares qui combine maestria et tradition en parfaite combinaison avec la technologie la plus moderne. L\u2019\u00e9l\u00e9gance au niveau des formes, le d\u00e9tail des finitions, l\u2019\u00e9quilibre du son et les meilleurs bois sp\u00e9cialement s\u00e9lectionn\u00e9s. C\u2019est la philosophie des nouvelles guitares Jos\u00e9 Torres, toutes fabriqu\u00e9es \u00e0 la main. [&hellip;]<\/p>\n","protected":false},"author":3,"featured_media":0,"parent":0,"menu_order":33,"comment_status":"open","ping_status":"closed","template":"","meta":{"_et_pb_use_builder":"on","_et_pb_old_content":"<p style=\"text-align: center;\"><strong>Nuestra filosof\u00eda<\/strong><\/p><p style=\"text-align: center;\"><a href=\"http:\/\/www.josetorresguitarras.com\/wp-content\/uploads\/2015\/09\/separador-secciones-pq.png\"><img class=\"alignnone size-full wp-image-713\" src=\"http:\/\/www.josetorresguitarras.com\/wp-content\/uploads\/2015\/09\/separador-secciones-pq.png\" alt=\"separador-secciones-pq\" width=\"200\" height=\"11\" \/><\/a><\/p><p style=\"text-align: left;\">Jos\u00e9 Torres es una nueva generaci\u00f3n de guitarras que combina maestr\u00eda y tradici\u00f3n en perfecta combinaci\u00f3n con la tecnolog\u00eda m\u00e1s moderna. La elegancia en las formas, el detalle en los acabados, el equilibrio en el sonido y las mejores maderas especialmente seleccionadas. \u00c9sta es la filosof\u00eda de las nuevas guitarras Jose Torres, todas ellas hechas a mano.<\/p><p style=\"text-align: left;\">La m\u00fasica son emociones, y una guitarra debe transmitir toda la pasi\u00f3n de quien la toca y la hace sonar. Cada guitarra es una extensi\u00f3n del alma, y ha de ser fiel al esp\u00edritu de las notas y generosa en su sonido. El mismo esp\u00edritu con el que se dise\u00f1an y fabrican las guitarras Jose Torres<a href=\"http:\/\/www.josetorresguitarras.com\/wp-content\/uploads\/2015\/06\/IMGP3161.jpg\"><img class=\"wp-image-1889 size-medium alignnone\" src=\"http:\/\/www.josetorresguitarras.com\/wp-content\/uploads\/2015\/06\/IMGP3161-300x199.jpg\" alt=\"IMGP3161\" width=\"300\" height=\"199\" \/><\/a><a href=\"http:\/\/www.josetorresguitarras.com\/wp-content\/uploads\/2015\/06\/IMGP3167.jpg\"><img class=\"size-medium wp-image-1890 alignnone\" src=\"http:\/\/www.josetorresguitarras.com\/wp-content\/uploads\/2015\/06\/IMGP3167-300x199.jpg\" alt=\"IMGP3167\" width=\"300\" height=\"199\" \/><\/a><\/p><p style=\"text-align: center;\">\u00a0<\/p><p style=\"text-align: center;\">\u00a0<\/p><p style=\"text-align: center;\">\u00a0<\/p><p style=\"text-align: center;\"><strong>Nuestra marca<\/strong><\/p><p style=\"text-align: center;\"><a href=\"http:\/\/www.josetorresguitarras.com\/wp-content\/uploads\/2015\/09\/separador-secciones-pq.png\"><img class=\"alignnone size-full wp-image-713\" src=\"http:\/\/www.josetorresguitarras.com\/wp-content\/uploads\/2015\/09\/separador-secciones-pq.png\" alt=\"separador-secciones-pq\" width=\"200\" height=\"11\" \/><\/a><\/p><p>\u00a0<\/p><p>Jos\u00e9 Torres ofrece una amplia selecci\u00f3n de guitarras, cl\u00e1sicas y flamencas, de distintas calidades y precios, diferentes timbres sonoros y variedad de maderas nobles, para cubrir todas y cada una de las necesidades de cada m\u00fasico. Desde guitarras de estudio dise\u00f1adas en Espa\u00f1a, hasta guitarras de conservatorio y concierto fabricadas \u00edntegramente en Espa\u00f1a.<\/p><p>Todas las guitarras Jose Torres est\u00e1n construidas con la precisi\u00f3n, dedicaci\u00f3n y exigencia que requiere una elaboraci\u00f3n artesana, junto con la incorporaci\u00f3n de innovadores elementos en sus acabados, como su secci\u00f3n ergon\u00f3mica y la regulaci\u00f3n del m\u00e1stil, que las convierten en guitarras c\u00f3modas y adecuadas para los distintos niveles de guitarristas. La experiencia de m\u00e1s de 10 a\u00f1os fabricando guitarras nos ha permitido conocer las necesidades reales de los m\u00fasicos, aplicando todo este conocimiento en la nueva gama de guitarras artesanas Jos\u00e9 Torres.<\/p>","_et_gb_content_width":"","footnotes":""},"categories":[],"tags":[],"class_list":["post-2355","page","type-page","status-publish","hentry"],"aioseo_notices":[],"_links":{"self":[{"href":"https:\/\/www.josetorresguitarras.com\/fr\/wp-json\/wp\/v2\/pages\/2355","targetHints":{"allow":["GET"]}}],"collection":[{"href":"https:\/\/www.josetorresguitarras.com\/fr\/wp-json\/wp\/v2\/pages"}],"about":[{"href":"https:\/\/www.josetorresguitarras.com\/fr\/wp-json\/wp\/v2\/types\/page"}],"author":[{"embeddable":true,"href":"https:\/\/www.josetorresguitarras.com\/fr\/wp-json\/wp\/v2\/users\/3"}],"replies":[{"embeddable":true,"href":"https:\/\/www.josetorresguitarras.com\/fr\/wp-json\/wp\/v2\/comments?post=2355"}],"version-history":[{"count":6,"href":"https:\/\/www.josetorresguitarras.com\/fr\/wp-json\/wp\/v2\/pages\/2355\/revisions"}],"predecessor-version":[{"id":2548,"href":"https:\/\/www.josetorresguitarras.com\/fr\/wp-json\/wp\/v2\/pages\/2355\/revisions\/2548"}],"wp:attachment":[{"href":"https:\/\/www.josetorresguitarras.com\/fr\/wp-json\/wp\/v2\/media?parent=2355"}],"wp:term":[{"taxonomy":"category","embeddable":true,"href":"https:\/\/www.josetorresguitarras.com\/fr\/wp-json\/wp\/v2\/categories?post=2355"},{"taxonomy":"post_tag","embeddable":true,"href":"https:\/\/www.josetorresguitarras.com\/fr\/wp-json\/wp\/v2\/tags?post=2355"}],"curies":[{"name":"wp","href":"https:\/\/api.w.org\/{rel}","templated":true}]}}